{"id":3,"date":"2023-11-29T17:19:06","date_gmt":"2023-11-29T16:19:06","guid":{"rendered":"https:\/\/fucin-erasmusplus.eu\/?page_id=3"},"modified":"2024-01-18T11:05:27","modified_gmt":"2024-01-18T10:05:27","slug":"privacy-policy","status":"publish","type":"page","link":"https:\/\/fucin-erasmusplus.eu\/index.php\/privacy-policy\/","title":{"rendered":"Privacy Policy"},"content":{"rendered":"\t\t<div data-elementor-type=\"wp-page\" data-elementor-id=\"3\" class=\"elementor elementor-3\">\n\t\t\t\t\t\t\t<div class=\"elementor-element elementor-element-a9ad469 e-flex e-con-boxed e-con e-parent\" data-id=\"a9ad469\" data-element_type=\"container\" data-settings=\"{&quot;content_width&quot;:&quot;boxed&quot;}\" data-core-v316-plus=\"true\">\n\t\t\t\t\t<div class=\"e-con-inner\">\n\t\t\t\t<div class=\"elementor-element elementor-element-0e2270d elementor-widget elementor-widget-heading\" data-id=\"0e2270d\" data-element_type=\"widget\" data-widget_type=\"heading.default\">\n\t\t\t\t<div class=\"elementor-widget-container\">\n\t\t\t<style>\/*! elementor - v3.18.0 - 20-12-2023 *\/\n.elementor-heading-title{padding:0;margin:0;line-height:1}.elementor-widget-heading .elementor-heading-title[class*=elementor-size-]>a{color:inherit;font-size:inherit;line-height:inherit}.elementor-widget-heading .elementor-heading-title.elementor-size-small{font-size:15px}.elementor-widget-heading .elementor-heading-title.elementor-size-medium{font-size:19px}.elementor-widget-heading .elementor-heading-title.elementor-size-large{font-size:29px}.elementor-widget-heading .elementor-heading-title.elementor-size-xl{font-size:39px}.elementor-widget-heading .elementor-heading-title.elementor-size-xxl{font-size:59px}<\/style><h2 class=\"elementor-heading-title elementor-size-default\">Privacy GDPR 2016\/679<\/h2>\t\t<\/div>\n\t\t\t\t<\/div>\n\t\t\t\t<div class=\"elementor-element elementor-element-628d019 elementor-widget elementor-widget-text-editor\" data-id=\"628d019\" data-element_type=\"widget\" data-widget_type=\"text-editor.default\">\n\t\t\t\t<div class=\"elementor-widget-container\">\n\t\t\t<style>\/*! elementor - v3.18.0 - 20-12-2023 *\/\n.elementor-widget-text-editor.elementor-drop-cap-view-stacked .elementor-drop-cap{background-color:#69727d;color:#fff}.elementor-widget-text-editor.elementor-drop-cap-view-framed .elementor-drop-cap{color:#69727d;border:3px solid;background-color:transparent}.elementor-widget-text-editor:not(.elementor-drop-cap-view-default) .elementor-drop-cap{margin-top:8px}.elementor-widget-text-editor:not(.elementor-drop-cap-view-default) .elementor-drop-cap-letter{width:1em;height:1em}.elementor-widget-text-editor .elementor-drop-cap{float:left;text-align:center;line-height:1;font-size:50px}.elementor-widget-text-editor .elementor-drop-cap-letter{display:inline-block}<\/style>\t\t\t\t<p>La presente Privacy Policy \u00e8 resa nel rispetto dell\u2019articolo 13 del GDPR 2016\/679 (General Data Protection Regulation, Regolamento europeo in materia di protezione dei dati personali), della Raccomandazione n. 2\/2001 del Gruppo di lavoro ex art. 29 e del Provvedimento generale del Garante Privacy in materia di cookie dell\u20198 maggio 2014, n. 229.<\/p>\t\t\t\t\t\t<\/div>\n\t\t\t\t<\/div>\n\t\t\t\t<div class=\"elementor-element elementor-element-f34e9d7 elementor-widget elementor-widget-heading\" data-id=\"f34e9d7\" data-element_type=\"widget\" data-widget_type=\"heading.default\">\n\t\t\t\t<div class=\"elementor-widget-container\">\n\t\t\t<h2 class=\"elementor-heading-title elementor-size-medium\">Finalit\u00e0 e trattamento dei dati<\/h2>\t\t<\/div>\n\t\t\t\t<\/div>\n\t\t\t\t<div class=\"elementor-element elementor-element-f912d30 elementor-widget elementor-widget-text-editor\" data-id=\"f912d30\" data-element_type=\"widget\" data-widget_type=\"text-editor.default\">\n\t\t\t\t<div class=\"elementor-widget-container\">\n\t\t\t\t\t\t\t<p>In questa sezione sono contenute le informazioni relative alle modalit\u00e0 di gestione del progetto FUCIN in riferimento al trattamento dei dati degli utenti di <a href=\"https:\/\/www.e-crops.it\/\">https:\/\/www.fucin-erasmus.eu<\/a><\/p>\n<p>La presente informativa \u00e8 resa solo per il portale del progetto\u00a0 FUCIN (https:\/\/www.fucin-erasmus.eu) e non anche per altri siti web eventualmente raggiunti dall\u2019utente tramite link.<\/p>\n<p>Alcune pagine possono richiedere dati personali: si informa che il loro mancato conferimento pu\u00f2 comportare l\u2019impossibilit\u00e0 di raggiungere le finalit\u00e0 cui il trattamento \u00e8 connesso.<\/p>\n<p>Ai sensi dell\u2019art. 13 del Regolamento UE 2016\/679, si informa che il trattamento dei dati personali effettuato tramite https:\/\/www.fucin-erasmus.eu attiene esclusivamente ai dati personali acquisiti in relazione al raggiungimento dei fini istituzionali dell\u2019Ente, o comunque connessi all\u2019esercizio dei compiti di interesse pubblico e all\u2019esercizio di pubblici poteri cui \u00e8 chiamato, incluse le finalit\u00e0 di ricerca scientifica ed analisi per scopi statistici, di didattica e di amministrazione, ai sensi dell\u2019art. 6, comma 1, lett. e) e, in particolare, al fine di fornire e migliorare i servizi web offerti.<\/p>\n<p>Tali dati personali sono trattati in modo lecito, corretto, pertinente, limitato a quanto necessario al raggiungimento delle finalit\u00e0 del trattamento, per il solo tempo necessario a conseguire gli scopi per cui sono stati raccolti e comunque in conformit\u00e0 ai principi indicati nell\u2019art. 5 del Regolamento UE 2016\/679.<\/p>\n<p>Specifiche misure di sicurezza sono osservate per prevenire la perdita dei dati, usi illeciti o non corretti ed accessi non autorizzati.<\/p>\t\t\t\t\t\t<\/div>\n\t\t\t\t<\/div>\n\t\t\t\t<div class=\"elementor-element elementor-element-3da9161 elementor-widget elementor-widget-heading\" data-id=\"3da9161\" data-element_type=\"widget\" data-widget_type=\"heading.default\">\n\t\t\t\t<div class=\"elementor-widget-container\">\n\t\t\t<h2 class=\"elementor-heading-title elementor-size-default\">Diritti degli interessati<\/h2>\t\t<\/div>\n\t\t\t\t<\/div>\n\t\t\t\t<div class=\"elementor-element elementor-element-5999a6c elementor-widget elementor-widget-text-editor\" data-id=\"5999a6c\" data-element_type=\"widget\" data-widget_type=\"text-editor.default\">\n\t\t\t\t<div class=\"elementor-widget-container\">\n\t\t\t\t\t\t\t<p>Gli interessati hanno il diritto di chiedere al titolare del trattamento l\u2019accesso ai dati personali e la rettifica o la cancellazione degli stessi o la limitazione del trattamento che li riguarda o di opporsi al trattamento secondo quanto previsto dagli art. 15 e ss. del Regolamento UE 2016\/679.<\/p>\n<p>Agli interessati, ricorrendone i presupposti, \u00e8 riconosciuto altres\u00ec il diritto di proporre reclamo al Garante quale autorit\u00e0 di controllo.<\/p>\n<p>Ai sensi del Reg. 2016\/679, il Titolare del trattamento dati \u00e8 il CNR \u2013 Consiglio Nazionale delle Ricerche con sede legale a Roma, Piazzale Aldo Moro 7, 00185 Roma, Italia.<\/p>\n<p>Ai sensi del Reg. 2016\/679, Responsabile del trattamento dei dati personali \u00e8 contattabile tramite la seguente mail: <a href=\"mailto:direttore.disba@cnr.it\">direttore.disba@cnr.it<\/a><\/p>\n<p>i sensi degli artt. 37 e ss. del predetto Regolamento relativo alla protezione delle persone fisiche con riguardo al trattamento dei dati, il CNR con <a href=\"https:\/\/www.urp.cnr.it\/copertine\/ente\/ente_normativa\/ordinamento\/2020\/103.pdf\" target=\"_blank\" rel=\"noopener\">provvedimento 103\/2020\u00a0del 15\/10\/2020<\/a>\u00a0ha designato il Responsabile per la Protezione dei Dati (RPD o DPO), email:\u00a0<a href=\"mailto:rpd@cnr.it\" target=\"_blank\" rel=\"noopener\">rpd@cnr.it<\/a>.<\/p>\t\t\t\t\t\t<\/div>\n\t\t\t\t<\/div>\n\t\t\t\t<div class=\"elementor-element elementor-element-497fff8 elementor-widget elementor-widget-heading\" data-id=\"497fff8\" data-element_type=\"widget\" data-widget_type=\"heading.default\">\n\t\t\t\t<div class=\"elementor-widget-container\">\n\t\t\t<h2 class=\"elementor-heading-title elementor-size-medium\">Informazioni di contatto<\/h2>\t\t<\/div>\n\t\t\t\t<\/div>\n\t\t\t\t<div class=\"elementor-element elementor-element-8b4b98f elementor-widget elementor-widget-text-editor\" data-id=\"8b4b98f\" data-element_type=\"widget\" data-widget_type=\"text-editor.default\">\n\t\t\t\t<div class=\"elementor-widget-container\">\n\t\t\t\t\t\t\t<p>Responsabile per la Protezione dei Dati (RPD o DPO): <a href=\"mailto:rpd@cnr.it\">rpd@cnr.it<\/a>\u00a0<\/p>\n<p>Responsabile del Trattamento dei Dati personali:\u00a0 <a href=\"mailto:direttore.disba@cnr.it\">direttore.disba@cnr.it\u00a0<\/a><\/p>\n<p>Riferimenti del Garante per la protezione dei dati personali: <a href=\"https:\/\/www.garanteprivacy.it\" target=\"_blank\" rel=\"noreferrer noopener\">https:\/\/www.garanteprivacy.it\u00a0<\/a><\/p>\t\t\t\t\t\t<\/div>\n\t\t\t\t<\/div>\n\t\t\t\t<div class=\"elementor-element elementor-element-8eaa165 elementor-widget elementor-widget-heading\" data-id=\"8eaa165\" data-element_type=\"widget\" data-widget_type=\"heading.default\">\n\t\t\t\t<div class=\"elementor-widget-container\">\n\t\t\t<h2 class=\"elementor-heading-title elementor-size-large\">Cookie<\/h2>\t\t<\/div>\n\t\t\t\t<\/div>\n\t\t\t\t<div class=\"elementor-element elementor-element-d121591 elementor-widget elementor-widget-text-editor\" data-id=\"d121591\" data-element_type=\"widget\" data-widget_type=\"text-editor.default\">\n\t\t\t\t<div class=\"elementor-widget-container\">\n\t\t\t\t\t\t\t<p>I Cookie sono costituiti da porzioni di codice installate all&#8217;interno del browser che assistono il Titolare nell\u2019erogazione del servizio in base alle finalit\u00e0 descritte. Alcune delle finalit\u00e0 di installazione dei Cookie potrebbero, inoltre, necessitare del consenso dell&#8217;Utente.<\/p>\n<p>Qualora fra gli strumenti indicati in seguito fossero presenti servizi gestiti da terzi, questi potrebbero \u2013 in aggiunta a quanto specificato ed anche all\u2019insaputa del Titolare \u2013 compiere attivit\u00e0 di tracciamento dell\u2019Utente. Per informazioni dettagliate in merito, si consiglia di consultare le privacy policy dei servizi elencati.<\/p>\n<p>Questo Sito utilizza Cookie tecnici per salvare la sessione dell&#8217;Utente e per svolgere altre attivit\u00e0 strettamente necessarie al funzionamento dello stesso. Per la loro installazione non \u00e8 richiesto il preventivo consenso degli utenti.<\/p>\n<p>L\u2019utente pu\u00f2 bloccare o limitare la ricezione di cookies attraverso le opzioni del proprio browser. Tramite le preferenze del browser \u00e8 inoltre possibile eliminare i Cookie installati in passato, incluso il Cookie in cui venga eventualmente salvato il consenso all&#8217;installazione di Cookie da parte di questo sito. Tuttavia, disabilitando completamente i cookie nel browser potrebbe non essere possibile utilizzare tutte le nostre funzionalit\u00e0 interattive.<\/p>\n<p>Alcuni dei servizi elencati di seguito raccolgono statistiche in forma aggregata e potrebbero non richiedere il consenso dell&#8217;Utente o potrebbero essere gestiti direttamente dal Titolare \u2013 a seconda di quanto descritto \u2013 senza l&#8217;ausilio di terzi.<\/p>\t\t\t\t\t\t<\/div>\n\t\t\t\t<\/div>\n\t\t\t\t<div class=\"elementor-element elementor-element-1a775cc elementor-widget elementor-widget-heading\" data-id=\"1a775cc\" data-element_type=\"widget\" data-widget_type=\"heading.default\">\n\t\t\t\t<div class=\"elementor-widget-container\">\n\t\t\t<h2 class=\"elementor-heading-title elementor-size-default\">Cookie di terze parti<\/h2>\t\t<\/div>\n\t\t\t\t<\/div>\n\t\t\t\t<div class=\"elementor-element elementor-element-069e416 elementor-widget elementor-widget-heading\" data-id=\"069e416\" data-element_type=\"widget\" data-widget_type=\"heading.default\">\n\t\t\t\t<div class=\"elementor-widget-container\">\n\t\t\t<h2 class=\"elementor-heading-title elementor-size-default\">Google Analytics (Google Inc.)<\/h2>\t\t<\/div>\n\t\t\t\t<\/div>\n\t\t\t\t<div class=\"elementor-element elementor-element-83a2e35 elementor-widget elementor-widget-text-editor\" data-id=\"83a2e35\" data-element_type=\"widget\" data-widget_type=\"text-editor.default\">\n\t\t\t\t<div class=\"elementor-widget-container\">\n\t\t\t\t\t\t\t<p>Google Analytics \u00e8 un servizio di analisi web fornito da Google Inc. (\u201cGoogle\u201d). Google utilizza i Dati Personali raccolti allo scopo di tracciare ed esaminare l\u2019utilizzo di questo Sito, compilare report e condividerli con gli altri servizi sviluppati da Google. Google potrebbe utilizzare i Dati Personali per contestualizzare e personalizzare gli annunci del proprio network pubblicitario.<\/p>\n<p>Dati personali raccolti: Cookie e Dati di utilizzo.<\/p>\n<p>Luogo del trattamento: USA<\/p>\n<p><a href=\"http:\/\/www.google.com\/intl\/it\/policies\/privacy\/\" target=\"_blank\" rel=\"noopener\">Privacy policy di Google<\/a><\/p>\n<p><a href=\"https:\/\/support.google.com\/analytics\/answer\/181881?hl=it\" target=\"_blank\" rel=\"noopener\">Componente aggiuntivo del browser per la disattivazione di Google Analytics<\/a><\/p>\t\t\t\t\t\t<\/div>\n\t\t\t\t<\/div>\n\t\t\t\t\t<\/div>\n\t\t\t\t<\/div>\n\t\t\t\t\t\t\t<\/div>\n\t\t","protected":false},"excerpt":{"rendered":"<p>Privacy GDPR 2016\/679 La presente Privacy Policy \u00e8 resa nel rispetto dell\u2019articolo 13 del GDPR 2016\/679 (General Data Protection Regulation, Regolamento europeo in materia di protezione dei dati personali), della Raccomandazione n. 2\/2001 del Gruppo di lavoro ex art. 29 e del Provvedimento generale del Garante Privacy in materia di cookie dell\u20198 maggio 2014, n. [&hellip;]<\/p>\n","protected":false},"author":1,"featured_media":0,"parent":0,"menu_order":0,"comment_status":"closed","ping_status":"open","template":"","meta":{"footnotes":""},"class_list":["post-3","page","type-page","status-publish","hentry","entry"],"_links":{"self":[{"href":"https:\/\/fucin-erasmusplus.eu\/index.php\/wp-json\/wp\/v2\/pages\/3","targetHints":{"allow":["GET"]}}],"collection":[{"href":"https:\/\/fucin-erasmusplus.eu\/index.php\/wp-json\/wp\/v2\/pages"}],"about":[{"href":"https:\/\/fucin-erasmusplus.eu\/index.php\/wp-json\/wp\/v2\/types\/page"}],"author":[{"embeddable":true,"href":"https:\/\/fucin-erasmusplus.eu\/index.php\/wp-json\/wp\/v2\/users\/1"}],"replies":[{"embeddable":true,"href":"https:\/\/fucin-erasmusplus.eu\/index.php\/wp-json\/wp\/v2\/comments?post=3"}],"version-history":[{"count":3,"href":"https:\/\/fucin-erasmusplus.eu\/index.php\/wp-json\/wp\/v2\/pages\/3\/revisions"}],"predecessor-version":[{"id":271,"href":"https:\/\/fucin-erasmusplus.eu\/index.php\/wp-json\/wp\/v2\/pages\/3\/revisions\/271"}],"wp:attachment":[{"href":"https:\/\/fucin-erasmusplus.eu\/index.php\/wp-json\/wp\/v2\/media?parent=3"}],"curies":[{"name":"wp","href":"https:\/\/api.w.org\/{rel}","templated":true}]}}