{"id":313,"date":"2024-01-18T11:43:13","date_gmt":"2024-01-18T10:43:13","guid":{"rendered":"https:\/\/fucin-erasmusplus.eu\/?page_id=313"},"modified":"2024-01-30T10:52:13","modified_gmt":"2024-01-30T09:52:13","slug":"our-aims-tur","status":"publish","type":"page","link":"https:\/\/fucin-erasmusplus.eu\/index.php\/tr\/our-aims-tur\/","title":{"rendered":"Ama\u00e7larimiz"},"content":{"rendered":"\t\t<div data-elementor-type=\"wp-page\" data-elementor-id=\"313\" class=\"elementor elementor-313\">\n\t\t\t\t\t\t\t<div class=\"elementor-element elementor-element-acf3c62 e-flex e-con-boxed e-con e-parent\" data-id=\"acf3c62\" data-element_type=\"container\" data-settings=\"{&quot;content_width&quot;:&quot;boxed&quot;}\" data-core-v316-plus=\"true\">\n\t\t\t\t\t<div class=\"e-con-inner\">\n\t\t\t\t<div class=\"elementor-element elementor-element-319803c elementor-widget elementor-widget-heading\" data-id=\"319803c\" data-element_type=\"widget\" data-widget_type=\"heading.default\">\n\t\t\t\t<div class=\"elementor-widget-container\">\n\t\t\t<style>\/*! elementor - v3.18.0 - 20-12-2023 *\/\n.elementor-heading-title{padding:0;margin:0;line-height:1}.elementor-widget-heading .elementor-heading-title[class*=elementor-size-]>a{color:inherit;font-size:inherit;line-height:inherit}.elementor-widget-heading .elementor-heading-title.elementor-size-small{font-size:15px}.elementor-widget-heading .elementor-heading-title.elementor-size-medium{font-size:19px}.elementor-widget-heading .elementor-heading-title.elementor-size-large{font-size:29px}.elementor-widget-heading .elementor-heading-title.elementor-size-xl{font-size:39px}.elementor-widget-heading .elementor-heading-title.elementor-size-xxl{font-size:59px}<\/style><h2 class=\"elementor-heading-title elementor-size-default\">FUCIN- FUture Citizen INvolved, ERASMUS+ Program\u0131, KA220-SCH Okul E\u011fitiminde \u0130\u015f Birli\u011fi Ortakl\u0131klar\u0131 eylemi (Anla\u015fma no. 2023-1-IT02-KA220-SCH-000158051) kapsam\u0131nda Avrupa Birli\u011fi taraf\u0131ndan ortakla\u015fa kurulan bir ERASMUS+ projesidir. Proje, yar\u0131n\u0131n vatanda\u015flar\u0131 olarak \u00e7ocuklar\u0131, ye\u015fil politikalara ve b\u00f6lgesel y\u00f6netim tercihlerine daha aktif kat\u0131l\u0131m yoluyla yerel, ulusal ve Avrupa d\u00fczeyindeki kurumlara yak\u0131nla\u015ft\u0131rmay\u0131 ama\u00e7lamaktad\u0131r. <\/h2>\t\t<\/div>\n\t\t\t\t<\/div>\n\t\t\t\t<div class=\"elementor-element elementor-element-1afac84 elementor-widget elementor-widget-image\" data-id=\"1afac84\" data-element_type=\"widget\" data-widget_type=\"image.default\">\n\t\t\t\t<div class=\"elementor-widget-container\">\n\t\t\t<style>\/*! elementor - v3.18.0 - 20-12-2023 *\/\n.elementor-widget-image{text-align:center}.elementor-widget-image a{display:inline-block}.elementor-widget-image a img[src$=\".svg\"]{width:48px}.elementor-widget-image img{vertical-align:middle;display:inline-block}<\/style>\t\t\t\t\t\t\t\t\t\t\t\t<img fetchpriority=\"high\" decoding=\"async\" width=\"1200\" height=\"700\" src=\"https:\/\/fucin-erasmusplus.eu\/wp-content\/uploads\/2024\/01\/shane-rounce-DNkoNXQti3c-unsplash1-1200x700.jpg\" class=\"attachment-ocean-thumb-l size-ocean-thumb-l wp-image-129\" alt=\"\" \/>\t\t\t\t\t\t\t\t\t\t\t\t\t\t\t<\/div>\n\t\t\t\t<\/div>\n\t\t\t\t<div class=\"elementor-element elementor-element-78f020a elementor-widget elementor-widget-text-editor\" data-id=\"78f020a\" data-element_type=\"widget\" data-widget_type=\"text-editor.default\">\n\t\t\t\t<div class=\"elementor-widget-container\">\n\t\t\t<style>\/*! elementor - v3.18.0 - 20-12-2023 *\/\n.elementor-widget-text-editor.elementor-drop-cap-view-stacked .elementor-drop-cap{background-color:#69727d;color:#fff}.elementor-widget-text-editor.elementor-drop-cap-view-framed .elementor-drop-cap{color:#69727d;border:3px solid;background-color:transparent}.elementor-widget-text-editor:not(.elementor-drop-cap-view-default) .elementor-drop-cap{margin-top:8px}.elementor-widget-text-editor:not(.elementor-drop-cap-view-default) .elementor-drop-cap-letter{width:1em;height:1em}.elementor-widget-text-editor .elementor-drop-cap{float:left;text-align:center;line-height:1;font-size:50px}.elementor-widget-text-editor .elementor-drop-cap-letter{display:inline-block}<\/style>\t\t\t\t<p><strong>Projemizin arkas\u0131ndaki nedenler, gen\u00e7lerin yan\u0131 s\u0131ra yeti\u015fkinlerin de kurumlara iklim de\u011fi\u015fikli\u011finin zorluklar\u0131 ve eko-s\u00fcrd\u00fcr\u00fclebilir \u015fehir ve peyzajlara y\u00f6nelik artan ihtiya\u00e7 kar\u015f\u0131s\u0131nda kay\u0131ts\u0131zl\u0131k ve eylemsizlik olarak alg\u0131lanan duruma kar\u015f\u0131 mevcut mesafe ve g\u00fcvensizlik durumuyla ba\u011flant\u0131l\u0131d\u0131r.<\/strong><\/p><p>FUCIN, bu ilgi \u00e7ekici hedefe ula\u015fmay\u0131 ve \u00e7ocuklara iyi b\u00f6lgesel uygulamalar\u0131n de\u011ferlendirilmesinde Kurumlar i\u00e7in aktif ve gerekli bir par\u00e7a olma hissini ya\u015fatmay\u0131 ve Avrupa Ye\u015fil Mutabakat\u0131 (EDG) ba\u011flam\u0131nda Avrupal\u0131 kurumlar taraf\u0131ndan kendi b\u00f6lgelerinin y\u00f6netimine y\u00f6nelik stratejilerin anla\u015f\u0131lmas\u0131 ve de\u011ferlendirilmesinde di\u011fer vatanda\u015flar i\u00e7in de\u011ferli bir kaynak olmay\u0131 ama\u00e7lamaktad\u0131r. Ayn\u0131 zamanda bu, Avrupa Komisyonu&#8217;nun 2019-2027 AB Gen\u00e7lik Stratejisi ve 2018 Gen\u00e7lerin Kat\u0131l\u0131m\u0131, Ba\u011flanmas\u0131 ve G\u00fc\u00e7lendirilmesi Kampanya \u0130leti\u015fimi ile t\u00fcm \u00fclkelere yat\u0131r\u0131m yapt\u0131\u011f\u0131 bir hedef olan karar verici vatanda\u015fl\u0131\u011f\u0131n ve aktif politikan\u0131n aktif bir par\u00e7as\u0131 olarak, \u00f6\u011frencileri do\u011frudan kendileri taraf\u0131ndan belirlenen ve se\u00e7ilen STEAM konular\u0131n\u0131 merak etmeye ve derinle\u015ftirmeye itecek bir strateji olacakt\u0131r.<\/p>\t\t\t\t\t\t<\/div>\n\t\t\t\t<\/div>\n\t\t\t\t<div class=\"elementor-element elementor-element-e8a7e16 elementor-widget-divider--view-line elementor-widget elementor-widget-divider\" data-id=\"e8a7e16\" data-element_type=\"widget\" data-widget_type=\"divider.default\">\n\t\t\t\t<div class=\"elementor-widget-container\">\n\t\t\t<style>\/*! elementor - v3.18.0 - 20-12-2023 *\/\n.elementor-widget-divider{--divider-border-style:none;--divider-border-width:1px;--divider-color:#0c0d0e;--divider-icon-size:20px;--divider-element-spacing:10px;--divider-pattern-height:24px;--divider-pattern-size:20px;--divider-pattern-url:none;--divider-pattern-repeat:repeat-x}.elementor-widget-divider .elementor-divider{display:flex}.elementor-widget-divider .elementor-divider__text{font-size:15px;line-height:1;max-width:95%}.elementor-widget-divider .elementor-divider__element{margin:0 var(--divider-element-spacing);flex-shrink:0}.elementor-widget-divider .elementor-icon{font-size:var(--divider-icon-size)}.elementor-widget-divider .elementor-divider-separator{display:flex;margin:0;direction:ltr}.elementor-widget-divider--view-line_icon .elementor-divider-separator,.elementor-widget-divider--view-line_text .elementor-divider-separator{align-items:center}.elementor-widget-divider--view-line_icon .elementor-divider-separator:after,.elementor-widget-divider--view-line_icon .elementor-divider-separator:before,.elementor-widget-divider--view-line_text .elementor-divider-separator:after,.elementor-widget-divider--view-line_text .elementor-divider-separator:before{display:block;content:\"\";border-bottom:0;flex-grow:1;border-top:var(--divider-border-width) var(--divider-border-style) var(--divider-color)}.elementor-widget-divider--element-align-left .elementor-divider .elementor-divider-separator>.elementor-divider__svg:first-of-type{flex-grow:0;flex-shrink:100}.elementor-widget-divider--element-align-left .elementor-divider-separator:before{content:none}.elementor-widget-divider--element-align-left .elementor-divider__element{margin-left:0}.elementor-widget-divider--element-align-right .elementor-divider .elementor-divider-separator>.elementor-divider__svg:last-of-type{flex-grow:0;flex-shrink:100}.elementor-widget-divider--element-align-right .elementor-divider-separator:after{content:none}.elementor-widget-divider--element-align-right .elementor-divider__element{margin-right:0}.elementor-widget-divider:not(.elementor-widget-divider--view-line_text):not(.elementor-widget-divider--view-line_icon) .elementor-divider-separator{border-top:var(--divider-border-width) var(--divider-border-style) var(--divider-color)}.elementor-widget-divider--separator-type-pattern{--divider-border-style:none}.elementor-widget-divider--separator-type-pattern.elementor-widget-divider--view-line .elementor-divider-separator,.elementor-widget-divider--separator-type-pattern:not(.elementor-widget-divider--view-line) .elementor-divider-separator:after,.elementor-widget-divider--separator-type-pattern:not(.elementor-widget-divider--view-line) .elementor-divider-separator:before,.elementor-widget-divider--separator-type-pattern:not([class*=elementor-widget-divider--view]) .elementor-divider-separator{width:100%;min-height:var(--divider-pattern-height);-webkit-mask-size:var(--divider-pattern-size) 100%;mask-size:var(--divider-pattern-size) 100%;-webkit-mask-repeat:var(--divider-pattern-repeat);mask-repeat:var(--divider-pattern-repeat);background-color:var(--divider-color);-webkit-mask-image:var(--divider-pattern-url);mask-image:var(--divider-pattern-url)}.elementor-widget-divider--no-spacing{--divider-pattern-size:auto}.elementor-widget-divider--bg-round{--divider-pattern-repeat:round}.rtl .elementor-widget-divider .elementor-divider__text{direction:rtl}.e-con-inner>.elementor-widget-divider,.e-con>.elementor-widget-divider{width:var(--container-widget-width,100%);--flex-grow:var(--container-widget-flex-grow)}<\/style>\t\t<div class=\"elementor-divider\">\n\t\t\t<span class=\"elementor-divider-separator\">\n\t\t\t\t\t\t<\/span>\n\t\t<\/div>\n\t\t\t\t<\/div>\n\t\t\t\t<\/div>\n\t\t\t\t<div class=\"elementor-element elementor-element-b9e8e9b elementor-widget elementor-widget-text-editor\" data-id=\"b9e8e9b\" data-element_type=\"widget\" data-widget_type=\"text-editor.default\">\n\t\t\t\t<div class=\"elementor-widget-container\">\n\t\t\t\t\t\t\t<p><strong>FUCIN&#8217;IN GENEL AMA\u00c7LARI \u015eUNLARDIR:<\/strong><\/p>\t\t\t\t\t\t<\/div>\n\t\t\t\t<\/div>\n\t\t\t\t\t<\/div>\n\t\t\t\t<\/div>\n\t\t<div class=\"elementor-element elementor-element-b119487 e-con-full e-flex e-con e-parent\" data-id=\"b119487\" data-element_type=\"container\" data-settings=\"{&quot;content_width&quot;:&quot;full&quot;}\" data-core-v316-plus=\"true\">\n\t\t<div class=\"elementor-element elementor-element-df2fc07 e-con-full e-flex e-con e-child\" data-id=\"df2fc07\" data-element_type=\"container\" data-settings=\"{&quot;content_width&quot;:&quot;full&quot;}\">\n\t\t\t\t<div class=\"elementor-element elementor-element-3fc4261 elementor-widget elementor-widget-heading\" data-id=\"3fc4261\" data-element_type=\"widget\" data-widget_type=\"heading.default\">\n\t\t\t\t<div class=\"elementor-widget-container\">\n\t\t\t<h2 class=\"elementor-heading-title elementor-size-medium\">1.<\/h2>\t\t<\/div>\n\t\t\t\t<\/div>\n\t\t\t\t<div class=\"elementor-element elementor-element-389d12d elementor-widget elementor-widget-text-editor\" data-id=\"389d12d\" data-element_type=\"widget\" data-widget_type=\"text-editor.default\">\n\t\t\t\t<div class=\"elementor-widget-container\">\n\t\t\t\t\t\t\t<p><em><span class=\"TextRun SCXW90084550 BCX2\" lang=\"EN\" xml:lang=\"EN\" data-contrast=\"auto\">Avrupa Ye\u015fil Mutabakat\u0131 \u00e7er\u00e7evesinde s\u00fcrd\u00fcr\u00fclebilir ve ye\u015fil yerel politikalar\u0131n geli\u015ftirilmesi ve ileti\u015fimi ortak hedefiyle aktif vatanda\u015fl\u0131\u011f\u0131n te\u015fvik edilmesi.<br \/><\/span><\/em><\/p>\t\t\t\t\t\t<\/div>\n\t\t\t\t<\/div>\n\t\t\t\t<\/div>\n\t\t<div class=\"elementor-element elementor-element-eae6aa4 e-con-full e-flex e-con e-child\" data-id=\"eae6aa4\" data-element_type=\"container\" data-settings=\"{&quot;content_width&quot;:&quot;full&quot;}\">\n\t\t\t\t<div class=\"elementor-element elementor-element-492eb5f elementor-widget elementor-widget-heading\" data-id=\"492eb5f\" data-element_type=\"widget\" data-widget_type=\"heading.default\">\n\t\t\t\t<div class=\"elementor-widget-container\">\n\t\t\t<h2 class=\"elementor-heading-title elementor-size-medium\">2.<\/h2>\t\t<\/div>\n\t\t\t\t<\/div>\n\t\t\t\t<div class=\"elementor-element elementor-element-05f3a27 elementor-widget elementor-widget-text-editor\" data-id=\"05f3a27\" data-element_type=\"widget\" data-widget_type=\"text-editor.default\">\n\t\t\t\t<div class=\"elementor-widget-container\">\n\t\t\t\t\t\t\t<p>Sosyal ve aktif vatanda\u015fl\u0131\u011f\u0131n te\u015fvik edilmesi ve peki\u015ftirilmesinde temel ve stratejik ara\u00e7lar olarak \u00f6\u011frencilerin ya\u015famlar\u0131nda yayg\u0131nla\u015fan yeni teknolojilerin s\u00fcrd\u00fcr\u00fclmesi.<\/p><p><span data-contrast=\"auto\">\u00a0<\/span><\/p>\t\t\t\t\t\t<\/div>\n\t\t\t\t<\/div>\n\t\t\t\t<\/div>\n\t\t<div class=\"elementor-element elementor-element-a594382 e-con-full e-flex e-con e-child\" data-id=\"a594382\" data-element_type=\"container\" data-settings=\"{&quot;content_width&quot;:&quot;full&quot;}\">\n\t\t\t\t<div class=\"elementor-element elementor-element-5f77261 elementor-widget elementor-widget-heading\" data-id=\"5f77261\" data-element_type=\"widget\" data-widget_type=\"heading.default\">\n\t\t\t\t<div class=\"elementor-widget-container\">\n\t\t\t<h2 class=\"elementor-heading-title elementor-size-medium\">3.<\/h2>\t\t<\/div>\n\t\t\t\t<\/div>\n\t\t\t\t<div class=\"elementor-element elementor-element-df0ebaa elementor-widget elementor-widget-text-editor\" data-id=\"df0ebaa\" data-element_type=\"widget\" data-widget_type=\"text-editor.default\">\n\t\t\t\t<div class=\"elementor-widget-container\">\n\t\t\t\t\t\t\t<p>Gen\u00e7 vatanda\u015flar\u0131n STEAM konular\u0131n\u0131n \u00e7al\u0131\u015f\u0131lmas\u0131n\u0131 te\u015fvik etmek i\u00e7in \u00f6nemli g\u00f6rd\u00fckleri Ye\u015fil Mutabakat temalar\u0131n\u0131, onlar i\u00e7in do\u011fal ve uygun olan ifade edici dillerle bir kald\u0131ra\u00e7 olarak kullan\u0131lmas\u0131.<\/p><p><em>\u00a0<\/em><\/p>\t\t\t\t\t\t<\/div>\n\t\t\t\t<\/div>\n\t\t\t\t<\/div>\n\t\t\t\t<\/div>\n\t\t<div class=\"elementor-element elementor-element-17031bf e-flex e-con-boxed e-con e-parent\" data-id=\"17031bf\" data-element_type=\"container\" data-settings=\"{&quot;content_width&quot;:&quot;boxed&quot;}\" data-core-v316-plus=\"true\">\n\t\t\t\t\t<div class=\"e-con-inner\">\n\t\t\t\t<div class=\"elementor-element elementor-element-2bc338f elementor-widget-divider--view-line elementor-widget elementor-widget-divider\" data-id=\"2bc338f\" data-element_type=\"widget\" data-widget_type=\"divider.default\">\n\t\t\t\t<div class=\"elementor-widget-container\">\n\t\t\t\t\t<div class=\"elementor-divider\">\n\t\t\t<span class=\"elementor-divider-separator\">\n\t\t\t\t\t\t<\/span>\n\t\t<\/div>\n\t\t\t\t<\/div>\n\t\t\t\t<\/div>\n\t\t\t\t<div class=\"elementor-element elementor-element-ce5e16c elementor-widget elementor-widget-text-editor\" data-id=\"ce5e16c\" data-element_type=\"widget\" data-widget_type=\"text-editor.default\">\n\t\t\t\t<div class=\"elementor-widget-container\">\n\t\t\t\t\t\t\t<p>Proje uygulamas\u0131 s\u0131ras\u0131nda \u00f6\u011frenciler, yenilik\u00e7i ye\u015fil \u00e7\u00f6z\u00fcmler \u00f6nererek ve yerel topluluklar i\u00e7in ileti\u015fim stratejileri tasarlayarak aktif bir vatanda\u015fl\u0131k uygulamak i\u00e7in STEAM temalar\u0131n\u0131 derinle\u015ftireceklerdir. Nesiller aras\u0131 diyalog (WP2), hayat boyu yayg\u0131n \u00f6\u011frenme (WP3) ve dijital ileti\u015fim (WP4) yoluyla \u00f6\u011frenciler s\u00fcrd\u00fcr\u00fclebilir b\u00fcy\u00fcme, Avrupa kimli\u011fini g\u00fc\u00e7lendirmek i\u00e7in sosyal uyum ve aktif vatanda\u015fl\u0131k \u00f6nerilerini olu\u015fturacaklard\u0131r.<\/p>\t\t\t\t\t\t<\/div>\n\t\t\t\t<\/div>\n\t\t\t\t<div class=\"elementor-element elementor-element-fb566b0 elementor-widget-divider--view-line elementor-widget elementor-widget-divider\" data-id=\"fb566b0\" data-element_type=\"widget\" data-widget_type=\"divider.default\">\n\t\t\t\t<div class=\"elementor-widget-container\">\n\t\t\t\t\t<div class=\"elementor-divider\">\n\t\t\t<span class=\"elementor-divider-separator\">\n\t\t\t\t\t\t<\/span>\n\t\t<\/div>\n\t\t\t\t<\/div>\n\t\t\t\t<\/div>\n\t\t\t\t\t<\/div>\n\t\t\t\t<\/div>\n\t\t<div class=\"elementor-element elementor-element-a47eb94 e-flex e-con-boxed e-con e-parent\" data-id=\"a47eb94\" data-element_type=\"container\" data-settings=\"{&quot;content_width&quot;:&quot;boxed&quot;}\" data-core-v316-plus=\"true\">\n\t\t\t\t\t<div class=\"e-con-inner\">\n\t\t\t\t<div class=\"elementor-element elementor-element-7ed68e0 elementor-widget elementor-widget-text-editor\" data-id=\"7ed68e0\" data-element_type=\"widget\" data-widget_type=\"text-editor.default\">\n\t\t\t\t<div class=\"elementor-widget-container\">\n\t\t\t\t\t\t\t<p><strong>BEKLENEN SONU\u00c7LAR:<\/strong><b><\/b><\/p>\t\t\t\t\t\t<\/div>\n\t\t\t\t<\/div>\n\t\t\t\t\t<\/div>\n\t\t\t\t<\/div>\n\t\t<div class=\"elementor-element elementor-element-8f6995e e-flex e-con-boxed e-con e-parent\" data-id=\"8f6995e\" data-element_type=\"container\" data-settings=\"{&quot;content_width&quot;:&quot;boxed&quot;}\" data-core-v316-plus=\"true\">\n\t\t\t\t\t<div class=\"e-con-inner\">\n\t\t<div class=\"elementor-element elementor-element-3fe910f e-con-full e-flex e-con e-child\" data-id=\"3fe910f\" data-element_type=\"container\" data-settings=\"{&quot;content_width&quot;:&quot;full&quot;}\">\n\t\t\t\t<div class=\"elementor-element elementor-element-39a2b26 elementor-widget elementor-widget-heading\" data-id=\"39a2b26\" data-element_type=\"widget\" data-widget_type=\"heading.default\">\n\t\t\t\t<div class=\"elementor-widget-container\">\n\t\t\t<h2 class=\"elementor-heading-title elementor-size-default\">\u0130\u015f birli\u011fi.<\/h2>\t\t<\/div>\n\t\t\t\t<\/div>\n\t\t\t\t<div class=\"elementor-element elementor-element-f4c00a0 elementor-widget elementor-widget-text-editor\" data-id=\"f4c00a0\" data-element_type=\"widget\" data-widget_type=\"text-editor.default\">\n\t\t\t\t<div class=\"elementor-widget-container\">\n\t\t\t\t\t\t\t<p>Yayg\u0131n \u00f6\u011frenme yoluyla sivil eylem ve yarat\u0131c\u0131l\u0131\u011f\u0131n yan\u0131 s\u0131ra nesiller aras\u0131 ve Avrupa aktif vatanda\u015fl\u0131\u011f\u0131.<\/p>\t\t\t\t\t\t<\/div>\n\t\t\t\t<\/div>\n\t\t\t\t<\/div>\n\t\t<div class=\"elementor-element elementor-element-bf2c03d e-con-full e-flex e-con e-child\" data-id=\"bf2c03d\" data-element_type=\"container\" data-settings=\"{&quot;content_width&quot;:&quot;full&quot;}\">\n\t\t\t\t<div class=\"elementor-element elementor-element-e8eba10 elementor-widget elementor-widget-heading\" data-id=\"e8eba10\" data-element_type=\"widget\" data-widget_type=\"heading.default\">\n\t\t\t\t<div class=\"elementor-widget-container\">\n\t\t\t<h2 class=\"elementor-heading-title elementor-size-medium\">Dijital ve etkili ileti\u015fim yolu.<\/h2>\t\t<\/div>\n\t\t\t\t<\/div>\n\t\t\t\t<div class=\"elementor-element elementor-element-d9adf4e elementor-widget elementor-widget-text-editor\" data-id=\"d9adf4e\" data-element_type=\"widget\" data-widget_type=\"text-editor.default\">\n\t\t\t\t<div class=\"elementor-widget-container\">\n\t\t\t\t\t\t\t<p>\u00d6\u011frenciler taraf\u0131ndan te\u015fvik edilen bu yol, s\u00fcrd\u00fcr\u00fclebilir b\u00fcy\u00fcme, Avrupa Ye\u015fil Mutabakat\u0131 (EGD) ve \u00e7evresel zorluklara ili\u015fkin yeni fark\u0131ndal\u0131klar\u0131 payla\u015fman\u0131n bir yolu olacakt\u0131r.<\/p><p><span class=\"TextRun SCXW43940526 BCX2\" lang=\"EN\" xml:lang=\"EN\" data-contrast=\"auto\"><span class=\"NormalTextRun SCXW43940526 BCX2\" data-ccp-charstyle=\"y2iqfc\">\u00a0<\/span><\/span><\/p>\t\t\t\t\t\t<\/div>\n\t\t\t\t<\/div>\n\t\t\t\t<\/div>\n\t\t<div class=\"elementor-element elementor-element-ffa2894 e-con-full e-flex e-con e-child\" data-id=\"ffa2894\" data-element_type=\"container\" data-settings=\"{&quot;content_width&quot;:&quot;full&quot;}\">\n\t\t\t\t<div class=\"elementor-element elementor-element-fae85f5 elementor-widget elementor-widget-heading\" data-id=\"fae85f5\" data-element_type=\"widget\" data-widget_type=\"heading.default\">\n\t\t\t\t<div class=\"elementor-widget-container\">\n\t\t\t<h2 class=\"elementor-heading-title elementor-size-default\">Ya\u015fayan bir topluluk.<\/h2>\t\t<\/div>\n\t\t\t\t<\/div>\n\t\t\t\t<div class=\"elementor-element elementor-element-322ee88 elementor-widget elementor-widget-text-editor\" data-id=\"322ee88\" data-element_type=\"widget\" data-widget_type=\"text-editor.default\">\n\t\t\t\t<div class=\"elementor-widget-container\">\n\t\t\t\t\t\t\t<p><span class=\"TextRun SCXW246625054 BCX2\" lang=\"EN\" xml:lang=\"EN\" data-contrast=\"auto\"><span class=\"NormalTextRun SCXW246625054 BCX2\" data-ccp-charstyle=\"y2iqfc\">Gen\u00e7 vatanda\u015flar\u0131n, politika yap\u0131c\u0131lar\u0131n ve ara\u015ft\u0131rmac\u0131lar\u0131n ye\u015fil kapsay\u0131c\u0131 bir d\u00f6n\u00fc\u015f\u00fcm i\u00e7in deneyimlerini ve vizyonlar\u0131n\u0131 payla\u015ft\u0131klar\u0131 yer.<\/span><\/span><\/p>\t\t\t\t\t\t<\/div>\n\t\t\t\t<\/div>\n\t\t\t\t<\/div>\n\t\t\t\t\t<\/div>\n\t\t\t\t<\/div>\n\t\t<div class=\"elementor-element elementor-element-0a74916 e-flex e-con-boxed e-con e-parent\" data-id=\"0a74916\" data-element_type=\"container\" data-settings=\"{&quot;content_width&quot;:&quot;boxed&quot;}\" data-core-v316-plus=\"true\">\n\t\t\t\t\t<div class=\"e-con-inner\">\n\t\t\t\t<div class=\"elementor-element elementor-element-00f4d07 elementor-widget-divider--view-line elementor-widget elementor-widget-divider\" data-id=\"00f4d07\" data-element_type=\"widget\" data-widget_type=\"divider.default\">\n\t\t\t\t<div class=\"elementor-widget-container\">\n\t\t\t\t\t<div class=\"elementor-divider\">\n\t\t\t<span class=\"elementor-divider-separator\">\n\t\t\t\t\t\t<\/span>\n\t\t<\/div>\n\t\t\t\t<\/div>\n\t\t\t\t<\/div>\n\t\t\t\t\t<\/div>\n\t\t\t\t<\/div>\n\t\t\t\t\t\t\t<\/div>\n\t\t","protected":false},"excerpt":{"rendered":"<p>FUCIN- FUture Citizen INvolved, ERASMUS+ Program\u0131, KA220-SCH Okul E\u011fitiminde \u0130\u015f Birli\u011fi Ortakl\u0131klar\u0131 eylemi (Anla\u015fma no. 2023-1-IT02-KA220-SCH-000158051) kapsam\u0131nda Avrupa Birli\u011fi taraf\u0131ndan ortakla\u015fa kurulan bir ERASMUS+ projesidir. Proje, yar\u0131n\u0131n vatanda\u015flar\u0131 olarak \u00e7ocuklar\u0131, ye\u015fil politikalara ve b\u00f6lgesel y\u00f6netim tercihlerine daha aktif kat\u0131l\u0131m yoluyla yerel, ulusal ve Avrupa d\u00fczeyindeki kurumlara yak\u0131nla\u015ft\u0131rmay\u0131 ama\u00e7lamaktad\u0131r. Projemizin arkas\u0131ndaki nedenler, gen\u00e7lerin yan\u0131 s\u0131ra yeti\u015fkinlerin [&hellip;]<\/p>\n","protected":false},"author":2,"featured_media":0,"parent":0,"menu_order":0,"comment_status":"closed","ping_status":"closed","template":"","meta":{"footnotes":""},"class_list":["post-313","page","type-page","status-publish","hentry","entry"],"_links":{"self":[{"href":"https:\/\/fucin-erasmusplus.eu\/index.php\/wp-json\/wp\/v2\/pages\/313","targetHints":{"allow":["GET"]}}],"collection":[{"href":"https:\/\/fucin-erasmusplus.eu\/index.php\/wp-json\/wp\/v2\/pages"}],"about":[{"href":"https:\/\/fucin-erasmusplus.eu\/index.php\/wp-json\/wp\/v2\/types\/page"}],"author":[{"embeddable":true,"href":"https:\/\/fucin-erasmusplus.eu\/index.php\/wp-json\/wp\/v2\/users\/2"}],"replies":[{"embeddable":true,"href":"https:\/\/fucin-erasmusplus.eu\/index.php\/wp-json\/wp\/v2\/comments?post=313"}],"version-history":[{"count":8,"href":"https:\/\/fucin-erasmusplus.eu\/index.php\/wp-json\/wp\/v2\/pages\/313\/revisions"}],"predecessor-version":[{"id":483,"href":"https:\/\/fucin-erasmusplus.eu\/index.php\/wp-json\/wp\/v2\/pages\/313\/revisions\/483"}],"wp:attachment":[{"href":"https:\/\/fucin-erasmusplus.eu\/index.php\/wp-json\/wp\/v2\/media?parent=313"}],"curies":[{"name":"wp","href":"https:\/\/api.w.org\/{rel}","templated":true}]}}