{"id":315,"date":"2024-01-18T11:43:25","date_gmt":"2024-01-18T10:43:25","guid":{"rendered":"https:\/\/fucin-erasmusplus.eu\/?page_id=315"},"modified":"2024-02-12T14:17:30","modified_gmt":"2024-02-12T13:17:30","slug":"our-aims-sk","status":"publish","type":"page","link":"https:\/\/fucin-erasmusplus.eu\/index.php\/sk\/our-aims-sk\/","title":{"rendered":"Na\u0161e ciele"},"content":{"rendered":"\t\t<div data-elementor-type=\"wp-page\" data-elementor-id=\"315\" class=\"elementor elementor-315\">\n\t\t\t\t\t\t\t<div class=\"elementor-element elementor-element-acf3c62 e-flex e-con-boxed e-con e-parent\" data-id=\"acf3c62\" data-element_type=\"container\" data-settings=\"{&quot;content_width&quot;:&quot;boxed&quot;}\" data-core-v316-plus=\"true\">\n\t\t\t\t\t<div class=\"e-con-inner\">\n\t\t\t\t<div class=\"elementor-element elementor-element-319803c elementor-widget elementor-widget-heading\" data-id=\"319803c\" data-element_type=\"widget\" data-widget_type=\"heading.default\">\n\t\t\t\t<div class=\"elementor-widget-container\">\n\t\t\t<style>\/*! elementor - v3.18.0 - 20-12-2023 *\/\n.elementor-heading-title{padding:0;margin:0;line-height:1}.elementor-widget-heading .elementor-heading-title[class*=elementor-size-]>a{color:inherit;font-size:inherit;line-height:inherit}.elementor-widget-heading .elementor-heading-title.elementor-size-small{font-size:15px}.elementor-widget-heading .elementor-heading-title.elementor-size-medium{font-size:19px}.elementor-widget-heading .elementor-heading-title.elementor-size-large{font-size:29px}.elementor-widget-heading .elementor-heading-title.elementor-size-xl{font-size:39px}.elementor-widget-heading .elementor-heading-title.elementor-size-xxl{font-size:59px}<\/style><h2 class=\"elementor-heading-title elementor-size-default\">\nFUCIN \u2013 FUture Citizen INvolved (Bud\u00faci ob\u010dan zapojen\u00fd\/Zapojen\u00fd ob\u010dan do bud\u00facnosti) je projekt ERASMUS+, ktor\u00fd je spolufinancovan\u00fd Eur\u00f3pskou \u00faniou v r\u00e1mci programu ERASMUS+, akcia KA220-SCH Partnerstv\u00e1 spolupr\u00e1ce v oblasti \u0161kolsk\u00e9ho vzdel\u00e1vania (Zmluva \u010d. 2023-1-IT02-KA220-SCH-000158051). Cie\u013eom projektu je privies\u0165 deti, ako ob\u010danov zajtraj\u0161ka, bli\u017e\u0161ie k in\u0161tit\u00faci\u00e1m na miestnej, n\u00e1rodnej a eur\u00f3pskej \u00farovni prostredn\u00edctvom akt\u00edvnej\u0161ej \u00fa\u010dasti na tvorbe zelen\u00fdch polit\u00edk a rozhodovan\u00ed t\u00fdkaj\u00facom sa \u00fazemn\u00e9ho mana\u017ementu. <\/h2>\t\t<\/div>\n\t\t\t\t<\/div>\n\t\t\t\t<div class=\"elementor-element elementor-element-1afac84 elementor-widget elementor-widget-image\" data-id=\"1afac84\" data-element_type=\"widget\" data-widget_type=\"image.default\">\n\t\t\t\t<div class=\"elementor-widget-container\">\n\t\t\t<style>\/*! elementor - v3.18.0 - 20-12-2023 *\/\n.elementor-widget-image{text-align:center}.elementor-widget-image a{display:inline-block}.elementor-widget-image a img[src$=\".svg\"]{width:48px}.elementor-widget-image img{vertical-align:middle;display:inline-block}<\/style>\t\t\t\t\t\t\t\t\t\t\t\t<img fetchpriority=\"high\" decoding=\"async\" width=\"1200\" height=\"700\" src=\"https:\/\/fucin-erasmusplus.eu\/wp-content\/uploads\/2024\/01\/shane-rounce-DNkoNXQti3c-unsplash1-1200x700.jpg\" class=\"attachment-ocean-thumb-l size-ocean-thumb-l wp-image-129\" alt=\"\" \/>\t\t\t\t\t\t\t\t\t\t\t\t\t\t\t<\/div>\n\t\t\t\t<\/div>\n\t\t\t\t<div class=\"elementor-element elementor-element-78f020a elementor-widget elementor-widget-text-editor\" data-id=\"78f020a\" data-element_type=\"widget\" data-widget_type=\"text-editor.default\">\n\t\t\t\t<div class=\"elementor-widget-container\">\n\t\t\t<style>\/*! elementor - v3.18.0 - 20-12-2023 *\/\n.elementor-widget-text-editor.elementor-drop-cap-view-stacked .elementor-drop-cap{background-color:#69727d;color:#fff}.elementor-widget-text-editor.elementor-drop-cap-view-framed .elementor-drop-cap{color:#69727d;border:3px solid;background-color:transparent}.elementor-widget-text-editor:not(.elementor-drop-cap-view-default) .elementor-drop-cap{margin-top:8px}.elementor-widget-text-editor:not(.elementor-drop-cap-view-default) .elementor-drop-cap-letter{width:1em;height:1em}.elementor-widget-text-editor .elementor-drop-cap{float:left;text-align:center;line-height:1;font-size:50px}.elementor-widget-text-editor .elementor-drop-cap-letter{display:inline-block}<\/style>\t\t\t\t<p><strong>D\u00f4vody n\u00e1\u0161ho projektu s\u00favisia so s\u00fa\u010dasnou situ\u00e1ciou vzdialenia sa a ned\u00f4very, ktor\u00fa maj\u00fa mlad\u00ed \u013eudia, ale aj dospel\u00ed vo\u010di in\u0161tit\u00faci\u00e1m; \u010do je vn\u00edman\u00e9 ako \u013eahostajnos\u0165 a ne\u010dinnos\u0165 vzh\u013eadom na v\u00fdzvy t\u00fdkaj\u00face sa zmeny kl\u00edmy a rast\u00facej potreby ekologicky udr\u017eate\u013en\u00fdch miest a krajiny.<\/strong><\/p><p>Cie\u013eom projektu FUCIN je dosiahnu\u0165 tento podnetn\u00fd v\u00fdsledok a umo\u017eni\u0165 de\u0165om za\u017ei\u0165 pocit, \u017ee s\u00fa akt\u00edvnou a potrebnou s\u00fa\u010das\u0165ou in\u0161tit\u00faci\u00ed, pri hodnoten\u00ed dobr\u00fdch prakt\u00edk v oblasti \u00fazemn\u00e9ho pl\u00e1novania a \u017ee maj\u00fa hodnotn\u00fd pr\u00ednos ostatn\u00fdm ob\u010danom pri ch\u00e1pan\u00ed a hodnoten\u00ed strat\u00e9gi\u00ed riadenia svojho \u00fazemia in\u0161tit\u00faciami v eur\u00f3pskom kontexte Zelenej dohody (EGD). Z\u00e1rove\u0148 p\u00f4jde o strat\u00e9giu, ktor\u00e1 bude \u0161tudentov podnecova\u0165 k tomu, aby boli viac zvedav\u00fdmi a prehlbovali problematiku STEAM, ktor\u00fa si sami ur\u010dili a vybrali, ako akt\u00edvnu s\u00fa\u010das\u0165 ob\u010dianskej rozhodovacej \u010dinnosti a akt\u00edvnej politiky; ide o cie\u013e, do ktor\u00e9ho Eur\u00f3pska komisia zapojila v\u0161etky krajiny prostredn\u00edctvom Strat\u00e9gie E\u00da pre ml\u00e1de\u017e na roky 2019 &#8211; 2027 a prostredn\u00edctvom kampane Ozn\u00e1menie 2018 o anga\u017eovan\u00ed, prep\u00e1jan\u00ed a posil\u0148ovan\u00ed postavenia mlad\u00fdch \u013eud\u00ed.<\/p>\t\t\t\t\t\t<\/div>\n\t\t\t\t<\/div>\n\t\t\t\t<div class=\"elementor-element elementor-element-e8a7e16 elementor-widget-divider--view-line elementor-widget elementor-widget-divider\" data-id=\"e8a7e16\" data-element_type=\"widget\" data-widget_type=\"divider.default\">\n\t\t\t\t<div class=\"elementor-widget-container\">\n\t\t\t<style>\/*! elementor - v3.18.0 - 20-12-2023 *\/\n.elementor-widget-divider{--divider-border-style:none;--divider-border-width:1px;--divider-color:#0c0d0e;--divider-icon-size:20px;--divider-element-spacing:10px;--divider-pattern-height:24px;--divider-pattern-size:20px;--divider-pattern-url:none;--divider-pattern-repeat:repeat-x}.elementor-widget-divider .elementor-divider{display:flex}.elementor-widget-divider .elementor-divider__text{font-size:15px;line-height:1;max-width:95%}.elementor-widget-divider .elementor-divider__element{margin:0 var(--divider-element-spacing);flex-shrink:0}.elementor-widget-divider .elementor-icon{font-size:var(--divider-icon-size)}.elementor-widget-divider .elementor-divider-separator{display:flex;margin:0;direction:ltr}.elementor-widget-divider--view-line_icon .elementor-divider-separator,.elementor-widget-divider--view-line_text .elementor-divider-separator{align-items:center}.elementor-widget-divider--view-line_icon .elementor-divider-separator:after,.elementor-widget-divider--view-line_icon .elementor-divider-separator:before,.elementor-widget-divider--view-line_text .elementor-divider-separator:after,.elementor-widget-divider--view-line_text .elementor-divider-separator:before{display:block;content:\"\";border-bottom:0;flex-grow:1;border-top:var(--divider-border-width) var(--divider-border-style) var(--divider-color)}.elementor-widget-divider--element-align-left .elementor-divider .elementor-divider-separator>.elementor-divider__svg:first-of-type{flex-grow:0;flex-shrink:100}.elementor-widget-divider--element-align-left .elementor-divider-separator:before{content:none}.elementor-widget-divider--element-align-left .elementor-divider__element{margin-left:0}.elementor-widget-divider--element-align-right .elementor-divider .elementor-divider-separator>.elementor-divider__svg:last-of-type{flex-grow:0;flex-shrink:100}.elementor-widget-divider--element-align-right .elementor-divider-separator:after{content:none}.elementor-widget-divider--element-align-right .elementor-divider__element{margin-right:0}.elementor-widget-divider:not(.elementor-widget-divider--view-line_text):not(.elementor-widget-divider--view-line_icon) .elementor-divider-separator{border-top:var(--divider-border-width) var(--divider-border-style) var(--divider-color)}.elementor-widget-divider--separator-type-pattern{--divider-border-style:none}.elementor-widget-divider--separator-type-pattern.elementor-widget-divider--view-line .elementor-divider-separator,.elementor-widget-divider--separator-type-pattern:not(.elementor-widget-divider--view-line) .elementor-divider-separator:after,.elementor-widget-divider--separator-type-pattern:not(.elementor-widget-divider--view-line) .elementor-divider-separator:before,.elementor-widget-divider--separator-type-pattern:not([class*=elementor-widget-divider--view]) .elementor-divider-separator{width:100%;min-height:var(--divider-pattern-height);-webkit-mask-size:var(--divider-pattern-size) 100%;mask-size:var(--divider-pattern-size) 100%;-webkit-mask-repeat:var(--divider-pattern-repeat);mask-repeat:var(--divider-pattern-repeat);background-color:var(--divider-color);-webkit-mask-image:var(--divider-pattern-url);mask-image:var(--divider-pattern-url)}.elementor-widget-divider--no-spacing{--divider-pattern-size:auto}.elementor-widget-divider--bg-round{--divider-pattern-repeat:round}.rtl .elementor-widget-divider .elementor-divider__text{direction:rtl}.e-con-inner>.elementor-widget-divider,.e-con>.elementor-widget-divider{width:var(--container-widget-width,100%);--flex-grow:var(--container-widget-flex-grow)}<\/style>\t\t<div class=\"elementor-divider\">\n\t\t\t<span class=\"elementor-divider-separator\">\n\t\t\t\t\t\t<\/span>\n\t\t<\/div>\n\t\t\t\t<\/div>\n\t\t\t\t<\/div>\n\t\t\t\t<div class=\"elementor-element elementor-element-b9e8e9b elementor-widget elementor-widget-text-editor\" data-id=\"b9e8e9b\" data-element_type=\"widget\" data-widget_type=\"text-editor.default\">\n\t\t\t\t<div class=\"elementor-widget-container\">\n\t\t\t\t\t\t\t<p><strong>CELKOV\u00c9 CIELE PROJEKTU FUCIN S\u00da<\/strong>:<\/p><p><strong>\u00a0<\/strong><\/p>\t\t\t\t\t\t<\/div>\n\t\t\t\t<\/div>\n\t\t\t\t\t<\/div>\n\t\t\t\t<\/div>\n\t\t<div class=\"elementor-element elementor-element-b119487 e-con-full e-flex e-con e-parent\" data-id=\"b119487\" data-element_type=\"container\" data-settings=\"{&quot;content_width&quot;:&quot;full&quot;}\" data-core-v316-plus=\"true\">\n\t\t<div class=\"elementor-element elementor-element-df2fc07 e-con-full e-flex e-con e-child\" data-id=\"df2fc07\" data-element_type=\"container\" data-settings=\"{&quot;content_width&quot;:&quot;full&quot;}\">\n\t\t\t\t<div class=\"elementor-element elementor-element-3fc4261 elementor-widget elementor-widget-heading\" data-id=\"3fc4261\" data-element_type=\"widget\" data-widget_type=\"heading.default\">\n\t\t\t\t<div class=\"elementor-widget-container\">\n\t\t\t<h2 class=\"elementor-heading-title elementor-size-medium\">1.<\/h2>\t\t<\/div>\n\t\t\t\t<\/div>\n\t\t\t\t<div class=\"elementor-element elementor-element-389d12d elementor-widget elementor-widget-text-editor\" data-id=\"389d12d\" data-element_type=\"widget\" data-widget_type=\"text-editor.default\">\n\t\t\t\t<div class=\"elementor-widget-container\">\n\t\t\t\t\t\t\t<p><em>Podporova\u0165 akt\u00edvne ob\u010dianstvo so spolo\u010dn\u00fdm cie\u013eom zlep\u0161i\u0165 a informova\u0165 o udr\u017eate\u013en\u00fdch a ekologick\u00fdch miestnych politik\u00e1ch v r\u00e1mci Eur\u00f3pskej Zelenej Dohody.<\/em><\/p><p><em><span class=\"TextRun SCXW90084550 BCX2\" lang=\"EN\" xml:lang=\"EN\" data-contrast=\"auto\">\u00a0<\/span><\/em><\/p>\t\t\t\t\t\t<\/div>\n\t\t\t\t<\/div>\n\t\t\t\t<\/div>\n\t\t<div class=\"elementor-element elementor-element-eae6aa4 e-con-full e-flex e-con e-child\" data-id=\"eae6aa4\" data-element_type=\"container\" data-settings=\"{&quot;content_width&quot;:&quot;full&quot;}\">\n\t\t\t\t<div class=\"elementor-element elementor-element-492eb5f elementor-widget elementor-widget-heading\" data-id=\"492eb5f\" data-element_type=\"widget\" data-widget_type=\"heading.default\">\n\t\t\t\t<div class=\"elementor-widget-container\">\n\t\t\t<h2 class=\"elementor-heading-title elementor-size-medium\">2.<\/h2>\t\t<\/div>\n\t\t\t\t<\/div>\n\t\t\t\t<div class=\"elementor-element elementor-element-05f3a27 elementor-widget elementor-widget-text-editor\" data-id=\"05f3a27\" data-element_type=\"widget\" data-widget_type=\"text-editor.default\">\n\t\t\t\t<div class=\"elementor-widget-container\">\n\t\t\t\t\t\t\t<p><em>Udr\u017eiava\u0165 nov\u00e9 technol\u00f3gie, ktor\u00e9 sa st\u00e1vaj\u00fa be\u017enou s\u00fa\u010das\u0165ou \u017eivota \u0161tudentov, ako z\u00e1kladn\u00e9 a strategick\u00e9 n\u00e1stroje na podporu a upev\u0148ovanie spolo\u010densk\u00e9ho a akt\u00edvneho ob\u010dianstva.<\/em><\/p><p><span data-contrast=\"auto\">\u00a0<\/span><\/p>\t\t\t\t\t\t<\/div>\n\t\t\t\t<\/div>\n\t\t\t\t<\/div>\n\t\t<div class=\"elementor-element elementor-element-a594382 e-con-full e-flex e-con e-child\" data-id=\"a594382\" data-element_type=\"container\" data-settings=\"{&quot;content_width&quot;:&quot;full&quot;}\">\n\t\t\t\t<div class=\"elementor-element elementor-element-5f77261 elementor-widget elementor-widget-heading\" data-id=\"5f77261\" data-element_type=\"widget\" data-widget_type=\"heading.default\">\n\t\t\t\t<div class=\"elementor-widget-container\">\n\t\t\t<h2 class=\"elementor-heading-title elementor-size-medium\">3.<\/h2>\t\t<\/div>\n\t\t\t\t<\/div>\n\t\t\t\t<div class=\"elementor-element elementor-element-df0ebaa elementor-widget elementor-widget-text-editor\" data-id=\"df0ebaa\" data-element_type=\"widget\" data-widget_type=\"text-editor.default\">\n\t\t\t\t<div class=\"elementor-widget-container\">\n\t\t\t\t\t\t\t<p><em>Pou\u017ei\u0165 ako p\u00e1ku t\u00e9my EGD, ktor\u00e9 mlad\u00ed ob\u010dania pova\u017euj\u00fa za d\u00f4le\u017eit\u00e9, na podporu \u0161t\u00fadia problematiky STEAM prostredn\u00edctvom vyjadrovac\u00edch jazykov, ktor\u00e9 s\u00fa pre nich prirodzen\u00e9 a vhodn\u00e9.<\/em><\/p><p><em>\u00a0<\/em><\/p>\t\t\t\t\t\t<\/div>\n\t\t\t\t<\/div>\n\t\t\t\t<\/div>\n\t\t\t\t<\/div>\n\t\t<div class=\"elementor-element elementor-element-17031bf e-flex e-con-boxed e-con e-parent\" data-id=\"17031bf\" data-element_type=\"container\" data-settings=\"{&quot;content_width&quot;:&quot;boxed&quot;}\" data-core-v316-plus=\"true\">\n\t\t\t\t\t<div class=\"e-con-inner\">\n\t\t\t\t<div class=\"elementor-element elementor-element-2bc338f elementor-widget-divider--view-line elementor-widget elementor-widget-divider\" data-id=\"2bc338f\" data-element_type=\"widget\" data-widget_type=\"divider.default\">\n\t\t\t\t<div class=\"elementor-widget-container\">\n\t\t\t\t\t<div class=\"elementor-divider\">\n\t\t\t<span class=\"elementor-divider-separator\">\n\t\t\t\t\t\t<\/span>\n\t\t<\/div>\n\t\t\t\t<\/div>\n\t\t\t\t<\/div>\n\t\t\t\t<div class=\"elementor-element elementor-element-ce5e16c elementor-widget elementor-widget-text-editor\" data-id=\"ce5e16c\" data-element_type=\"widget\" data-widget_type=\"text-editor.default\">\n\t\t\t\t<div class=\"elementor-widget-container\">\n\t\t\t\t\t\t\t<p>Po\u010das realiz\u00e1cie projektu sa \u0161tudenti bud\u00fa hlb\u0161ie zaobera\u0165 t\u00e9mami STEAM a uplat\u0148ova\u0165 akt\u00edvne ob\u010dianstvo, t\u00fdm \u017ee bud\u00fa navrhova\u0165 inovat\u00edvne environment\u00e1lne rie\u0161enia a vytv\u00e1ra\u0165 komunika\u010dn\u00e9 strat\u00e9gie pre miestne komunity. Prostredn\u00edctvom medzigenera\u010dn\u00e9ho dial\u00f3gu (pracovn\u00fd bal\u00edk 2), celo\u017eivotn\u00e9ho neform\u00e1lneho vzdel\u00e1vania (pracovn\u00fd bal\u00edk 3) a digit\u00e1lnej komunik\u00e1cie (pracovn\u00fd bal\u00edk 4) \u0161tudenti vytvoria svoj n\u00e1vrh udr\u017eate\u013en\u00e9ho rastu, soci\u00e1lnej s\u00fadr\u017enosti na posilnenie eur\u00f3pskej identity a akt\u00edvneho ob\u010dianstva.<\/p>\t\t\t\t\t\t<\/div>\n\t\t\t\t<\/div>\n\t\t\t\t<div class=\"elementor-element elementor-element-fb566b0 elementor-widget-divider--view-line elementor-widget elementor-widget-divider\" data-id=\"fb566b0\" data-element_type=\"widget\" data-widget_type=\"divider.default\">\n\t\t\t\t<div class=\"elementor-widget-container\">\n\t\t\t\t\t<div class=\"elementor-divider\">\n\t\t\t<span class=\"elementor-divider-separator\">\n\t\t\t\t\t\t<\/span>\n\t\t<\/div>\n\t\t\t\t<\/div>\n\t\t\t\t<\/div>\n\t\t\t\t\t<\/div>\n\t\t\t\t<\/div>\n\t\t<div class=\"elementor-element elementor-element-a47eb94 e-flex e-con-boxed e-con e-parent\" data-id=\"a47eb94\" data-element_type=\"container\" data-settings=\"{&quot;content_width&quot;:&quot;boxed&quot;}\" data-core-v316-plus=\"true\">\n\t\t\t\t\t<div class=\"e-con-inner\">\n\t\t\t\t<div class=\"elementor-element elementor-element-7ed68e0 elementor-widget elementor-widget-text-editor\" data-id=\"7ed68e0\" data-element_type=\"widget\" data-widget_type=\"text-editor.default\">\n\t\t\t\t<div class=\"elementor-widget-container\">\n\t\t\t\t\t\t\t<p><strong>O\u010cAK\u00c1VAN\u00c9 V\u00ddSLEDKY<\/strong>:<\/p><p><b><span data-contrast=\"auto\">\u00a0<\/span><\/b><\/p>\t\t\t\t\t\t<\/div>\n\t\t\t\t<\/div>\n\t\t\t\t\t<\/div>\n\t\t\t\t<\/div>\n\t\t<div class=\"elementor-element elementor-element-8f6995e e-flex e-con-boxed e-con e-parent\" data-id=\"8f6995e\" data-element_type=\"container\" data-settings=\"{&quot;content_width&quot;:&quot;boxed&quot;}\" data-core-v316-plus=\"true\">\n\t\t\t\t\t<div class=\"e-con-inner\">\n\t\t<div class=\"elementor-element elementor-element-3fe910f e-con-full e-flex e-con e-child\" data-id=\"3fe910f\" data-element_type=\"container\" data-settings=\"{&quot;content_width&quot;:&quot;full&quot;}\">\n\t\t\t\t<div class=\"elementor-element elementor-element-39a2b26 elementor-widget elementor-widget-heading\" data-id=\"39a2b26\" data-element_type=\"widget\" data-widget_type=\"heading.default\">\n\t\t\t\t<div class=\"elementor-widget-container\">\n\t\t\t<h2 class=\"elementor-heading-title elementor-size-default\">Spolupr\u00e1ca.<\/h2>\t\t<\/div>\n\t\t\t\t<\/div>\n\t\t\t\t<div class=\"elementor-element elementor-element-f4c00a0 elementor-widget elementor-widget-text-editor\" data-id=\"f4c00a0\" data-element_type=\"widget\" data-widget_type=\"text-editor.default\">\n\t\t\t\t<div class=\"elementor-widget-container\">\n\t\t\t\t\t\t\t<p>Ob\u010dianska anga\u017eovanos\u0165 a tvorivos\u0165 prostredn\u00edctvom neform\u00e1lneho vzdel\u00e1vania, ako aj medzigenera\u010dn\u00e9ho a eur\u00f3pskeho akt\u00edvneho ob\u010dianstva.<\/p>\t\t\t\t\t\t<\/div>\n\t\t\t\t<\/div>\n\t\t\t\t<\/div>\n\t\t<div class=\"elementor-element elementor-element-bf2c03d e-con-full e-flex e-con e-child\" data-id=\"bf2c03d\" data-element_type=\"container\" data-settings=\"{&quot;content_width&quot;:&quot;full&quot;}\">\n\t\t\t\t<div class=\"elementor-element elementor-element-e8eba10 elementor-widget elementor-widget-heading\" data-id=\"e8eba10\" data-element_type=\"widget\" data-widget_type=\"heading.default\">\n\t\t\t\t<div class=\"elementor-widget-container\">\n\t\t\t<h2 class=\"elementor-heading-title elementor-size-medium\">Digit\u00e1lna a expres\u00edvna komunik\u00e1cia.\n<\/h2>\t\t<\/div>\n\t\t\t\t<\/div>\n\t\t\t\t<div class=\"elementor-element elementor-element-d9adf4e elementor-widget elementor-widget-text-editor\" data-id=\"d9adf4e\" data-element_type=\"widget\" data-widget_type=\"text-editor.default\">\n\t\t\t\t<div class=\"elementor-widget-container\">\n\t\t\t\t\t\t\t<p>\u0160tudenti touto cestou, akt\u00edvne \u0161\u00edria nov\u00e9 povedomie o udr\u017eate\u013enom raste, EGD a environment\u00e1lnych v\u00fdzvach.<\/p>\t\t\t\t\t\t<\/div>\n\t\t\t\t<\/div>\n\t\t\t\t<\/div>\n\t\t<div class=\"elementor-element elementor-element-ffa2894 e-con-full e-flex e-con e-child\" data-id=\"ffa2894\" data-element_type=\"container\" data-settings=\"{&quot;content_width&quot;:&quot;full&quot;}\">\n\t\t\t\t<div class=\"elementor-element elementor-element-fae85f5 elementor-widget elementor-widget-heading\" data-id=\"fae85f5\" data-element_type=\"widget\" data-widget_type=\"heading.default\">\n\t\t\t\t<div class=\"elementor-widget-container\">\n\t\t\t<h2 class=\"elementor-heading-title elementor-size-default\">\u017div\u00e1 komunita.<\/h2>\t\t<\/div>\n\t\t\t\t<\/div>\n\t\t\t\t<div class=\"elementor-element elementor-element-322ee88 elementor-widget elementor-widget-text-editor\" data-id=\"322ee88\" data-element_type=\"widget\" data-widget_type=\"text-editor.default\">\n\t\t\t\t<div class=\"elementor-widget-container\">\n\t\t\t\t\t\t\t<p><em>Kde mlad\u00ed ob\u010dania, tvorcovia polit\u00edk a v\u00fdskumn\u00edci zdie\u013eaj\u00fa sk\u00fasenosti a v\u00edzie pre ekologick\u00fa a inkluz\u00edvnu transform\u00e1ciu.<\/em><\/p><p><span class=\"TextRun SCXW246625054 BCX2\" lang=\"EN\" xml:lang=\"EN\" data-contrast=\"auto\"><span class=\"NormalTextRun SCXW246625054 BCX2\" data-ccp-charstyle=\"y2iqfc\">\u00a0<\/span><\/span><\/p>\t\t\t\t\t\t<\/div>\n\t\t\t\t<\/div>\n\t\t\t\t<\/div>\n\t\t\t\t\t<\/div>\n\t\t\t\t<\/div>\n\t\t<div class=\"elementor-element elementor-element-0a74916 e-flex e-con-boxed e-con e-parent\" data-id=\"0a74916\" data-element_type=\"container\" data-settings=\"{&quot;content_width&quot;:&quot;boxed&quot;}\" data-core-v316-plus=\"true\">\n\t\t\t\t\t<div class=\"e-con-inner\">\n\t\t\t\t<div class=\"elementor-element elementor-element-00f4d07 elementor-widget-divider--view-line elementor-widget elementor-widget-divider\" data-id=\"00f4d07\" data-element_type=\"widget\" data-widget_type=\"divider.default\">\n\t\t\t\t<div class=\"elementor-widget-container\">\n\t\t\t\t\t<div class=\"elementor-divider\">\n\t\t\t<span class=\"elementor-divider-separator\">\n\t\t\t\t\t\t<\/span>\n\t\t<\/div>\n\t\t\t\t<\/div>\n\t\t\t\t<\/div>\n\t\t\t\t\t<\/div>\n\t\t\t\t<\/div>\n\t\t\t\t\t\t\t<\/div>\n\t\t","protected":false},"excerpt":{"rendered":"<p>FUCIN \u2013 FUture Citizen INvolved (Bud\u00faci ob\u010dan zapojen\u00fd\/Zapojen\u00fd ob\u010dan do bud\u00facnosti) je projekt ERASMUS+, ktor\u00fd je spolufinancovan\u00fd Eur\u00f3pskou \u00faniou v r\u00e1mci programu ERASMUS+, akcia KA220-SCH Partnerstv\u00e1 spolupr\u00e1ce v oblasti \u0161kolsk\u00e9ho vzdel\u00e1vania (Zmluva \u010d. 2023-1-IT02-KA220-SCH-000158051). Cie\u013eom projektu je privies\u0165 deti, ako ob\u010danov zajtraj\u0161ka, bli\u017e\u0161ie k in\u0161tit\u00faci\u00e1m na miestnej, n\u00e1rodnej a eur\u00f3pskej \u00farovni prostredn\u00edctvom akt\u00edvnej\u0161ej \u00fa\u010dasti na [&hellip;]<\/p>\n","protected":false},"author":2,"featured_media":0,"parent":0,"menu_order":0,"comment_status":"closed","ping_status":"closed","template":"","meta":{"footnotes":""},"class_list":["post-315","page","type-page","status-publish","hentry","entry"],"_links":{"self":[{"href":"https:\/\/fucin-erasmusplus.eu\/index.php\/wp-json\/wp\/v2\/pages\/315","targetHints":{"allow":["GET"]}}],"collection":[{"href":"https:\/\/fucin-erasmusplus.eu\/index.php\/wp-json\/wp\/v2\/pages"}],"about":[{"href":"https:\/\/fucin-erasmusplus.eu\/index.php\/wp-json\/wp\/v2\/types\/page"}],"author":[{"embeddable":true,"href":"https:\/\/fucin-erasmusplus.eu\/index.php\/wp-json\/wp\/v2\/users\/2"}],"replies":[{"embeddable":true,"href":"https:\/\/fucin-erasmusplus.eu\/index.php\/wp-json\/wp\/v2\/comments?post=315"}],"version-history":[{"count":6,"href":"https:\/\/fucin-erasmusplus.eu\/index.php\/wp-json\/wp\/v2\/pages\/315\/revisions"}],"predecessor-version":[{"id":590,"href":"https:\/\/fucin-erasmusplus.eu\/index.php\/wp-json\/wp\/v2\/pages\/315\/revisions\/590"}],"wp:attachment":[{"href":"https:\/\/fucin-erasmusplus.eu\/index.php\/wp-json\/wp\/v2\/media?parent=315"}],"curies":[{"name":"wp","href":"https:\/\/api.w.org\/{rel}","templated":true}]}}