{"id":325,"date":"2024-01-18T11:45:25","date_gmt":"2024-01-18T10:45:25","guid":{"rendered":"https:\/\/fucin-erasmusplus.eu\/?page_id=325"},"modified":"2024-05-31T10:10:35","modified_gmt":"2024-05-31T08:10:35","slug":"what-we-achieve-tur","status":"publish","type":"page","link":"https:\/\/fucin-erasmusplus.eu\/index.php\/tr\/what-we-achieve-tur\/","title":{"rendered":"Ye\u015fil Mutabakat E\u011fitim Materyalleri"},"content":{"rendered":"\t\t<div data-elementor-type=\"wp-page\" data-elementor-id=\"325\" class=\"elementor elementor-325\">\n\t\t\t\t\t\t\t<div class=\"elementor-element elementor-element-f3e93ed e-flex e-con-boxed e-con e-parent\" data-id=\"f3e93ed\" data-element_type=\"container\" data-settings=\"{&quot;content_width&quot;:&quot;boxed&quot;}\" data-core-v316-plus=\"true\">\n\t\t\t\t\t<div class=\"e-con-inner\">\n\t\t\t\t<div class=\"elementor-element elementor-element-0e87a2c elementor-widget elementor-widget-heading\" data-id=\"0e87a2c\" data-element_type=\"widget\" data-widget_type=\"heading.default\">\n\t\t\t\t<div class=\"elementor-widget-container\">\n\t\t\t<style>\/*! elementor - v3.18.0 - 20-12-2023 *\/\n.elementor-heading-title{padding:0;margin:0;line-height:1}.elementor-widget-heading .elementor-heading-title[class*=elementor-size-]>a{color:inherit;font-size:inherit;line-height:inherit}.elementor-widget-heading .elementor-heading-title.elementor-size-small{font-size:15px}.elementor-widget-heading .elementor-heading-title.elementor-size-medium{font-size:19px}.elementor-widget-heading .elementor-heading-title.elementor-size-large{font-size:29px}.elementor-widget-heading .elementor-heading-title.elementor-size-xl{font-size:39px}.elementor-widget-heading .elementor-heading-title.elementor-size-xxl{font-size:59px}<\/style><h2 class=\"elementor-heading-title elementor-size-default\">Avrupa Ye\u015fil Mutabakat\u0131 E\u011fitim Materyalleri<\/h2>\t\t<\/div>\n\t\t\t\t<\/div>\n\t\t\t\t<div class=\"elementor-element elementor-element-8cb38d0 elementor-widget elementor-widget-text-editor\" data-id=\"8cb38d0\" data-element_type=\"widget\" data-widget_type=\"text-editor.default\">\n\t\t\t\t<div class=\"elementor-widget-container\">\n\t\t\t<style>\/*! elementor - v3.18.0 - 20-12-2023 *\/\n.elementor-widget-text-editor.elementor-drop-cap-view-stacked .elementor-drop-cap{background-color:#69727d;color:#fff}.elementor-widget-text-editor.elementor-drop-cap-view-framed .elementor-drop-cap{color:#69727d;border:3px solid;background-color:transparent}.elementor-widget-text-editor:not(.elementor-drop-cap-view-default) .elementor-drop-cap{margin-top:8px}.elementor-widget-text-editor:not(.elementor-drop-cap-view-default) .elementor-drop-cap-letter{width:1em;height:1em}.elementor-widget-text-editor .elementor-drop-cap{float:left;text-align:center;line-height:1;font-size:50px}.elementor-widget-text-editor .elementor-drop-cap-letter{display:inline-block}<\/style>\t\t\t\t<p>Bu e\u011fitim materyalleri, Avrupa&#8217;n\u0131n Avrupa Ye\u015fil Mutabakat\u0131 ad\u0131 verilen yeni b\u00fcy\u00fcme stratejisini tan\u0131tmak i\u00e7in olu\u015fturulmu\u015ftur. Avrupa Ye\u015fil Mutabakat\u0131 (EGD), AB&#8217;nin iklim ve \u00e7evresel zorluklar\u0131 f\u0131rsatlara d\u00f6n\u00fc\u015ft\u00fcrerek ve ge\u00e7i\u015fi herkes i\u00e7in adil ve kapsay\u0131c\u0131 hale getirerek s\u00fcrd\u00fcr\u00fclebilir bir Avrupa ekonomisine ula\u015fma plan\u0131d\u0131r.<\/p><p>A<strong>vrupa&#8217;y\u0131 2050 y\u0131l\u0131na kadar ilk iklim n\u00f6tr k\u0131tas\u0131 olmaya haz\u0131rlayacak vizyon hakk\u0131nda daha fazla bilgi edinmek istiyorsan\u0131z, bu materyaller tam size g\u00f6re!<\/strong><\/p>\t\t\t\t\t\t<\/div>\n\t\t\t\t<\/div>\n\t\t\t\t<div class=\"elementor-element elementor-element-cc10bd9 elementor-widget elementor-widget-heading\" data-id=\"cc10bd9\" data-element_type=\"widget\" data-widget_type=\"heading.default\">\n\t\t\t\t<div class=\"elementor-widget-container\">\n\t\t\t<h2 class=\"elementor-heading-title elementor-size-default\">Ye\u015fil Yeni D\u00fczen \u2013 Giri\u015f<\/h2>\t\t<\/div>\n\t\t\t\t<\/div>\n\t\t\t\t<div class=\"elementor-element elementor-element-ab4650f elementor-align-center elementor-widget elementor-widget-button\" data-id=\"ab4650f\" data-element_type=\"widget\" data-widget_type=\"button.default\">\n\t\t\t\t<div class=\"elementor-widget-container\">\n\t\t\t\t\t<div class=\"elementor-button-wrapper\">\n\t\t\t<a class=\"elementor-button elementor-button-link elementor-size-md\" href=\"https:\/\/fucin-erasmusplus.eu\/GREEN_DEAL\/res\/\">\n\t\t\t\t\t\t<span class=\"elementor-button-content-wrapper\">\n\t\t\t\t\t\t<span class=\"elementor-button-text\">Ye\u015fil Yeni D\u00fczen Sunumu<\/span>\n\t\t<\/span>\n\t\t\t\t\t<\/a>\n\t\t<\/div>\n\t\t\t\t<\/div>\n\t\t\t\t<\/div>\n\t\t\t\t\t<\/div>\n\t\t\t\t<\/div>\n\t\t\t\t\t\t\t<\/div>\n\t\t","protected":false},"excerpt":{"rendered":"<p>Avrupa Ye\u015fil Mutabakat\u0131 E\u011fitim Materyalleri Bu e\u011fitim materyalleri, Avrupa&#8217;n\u0131n Avrupa Ye\u015fil Mutabakat\u0131 ad\u0131 verilen yeni b\u00fcy\u00fcme stratejisini tan\u0131tmak i\u00e7in olu\u015fturulmu\u015ftur. Avrupa Ye\u015fil Mutabakat\u0131 (EGD), AB&#8217;nin iklim ve \u00e7evresel zorluklar\u0131 f\u0131rsatlara d\u00f6n\u00fc\u015ft\u00fcrerek ve ge\u00e7i\u015fi herkes i\u00e7in adil ve kapsay\u0131c\u0131 hale getirerek s\u00fcrd\u00fcr\u00fclebilir bir Avrupa ekonomisine ula\u015fma plan\u0131d\u0131r. Avrupa&#8217;y\u0131 2050 y\u0131l\u0131na kadar ilk iklim n\u00f6tr k\u0131tas\u0131 olmaya [&hellip;]<\/p>\n","protected":false},"author":2,"featured_media":0,"parent":0,"menu_order":0,"comment_status":"closed","ping_status":"closed","template":"","meta":{"footnotes":""},"class_list":["post-325","page","type-page","status-publish","hentry","entry"],"_links":{"self":[{"href":"https:\/\/fucin-erasmusplus.eu\/index.php\/wp-json\/wp\/v2\/pages\/325","targetHints":{"allow":["GET"]}}],"collection":[{"href":"https:\/\/fucin-erasmusplus.eu\/index.php\/wp-json\/wp\/v2\/pages"}],"about":[{"href":"https:\/\/fucin-erasmusplus.eu\/index.php\/wp-json\/wp\/v2\/types\/page"}],"author":[{"embeddable":true,"href":"https:\/\/fucin-erasmusplus.eu\/index.php\/wp-json\/wp\/v2\/users\/2"}],"replies":[{"embeddable":true,"href":"https:\/\/fucin-erasmusplus.eu\/index.php\/wp-json\/wp\/v2\/comments?post=325"}],"version-history":[{"count":5,"href":"https:\/\/fucin-erasmusplus.eu\/index.php\/wp-json\/wp\/v2\/pages\/325\/revisions"}],"predecessor-version":[{"id":825,"href":"https:\/\/fucin-erasmusplus.eu\/index.php\/wp-json\/wp\/v2\/pages\/325\/revisions\/825"}],"wp:attachment":[{"href":"https:\/\/fucin-erasmusplus.eu\/index.php\/wp-json\/wp\/v2\/media?parent=325"}],"curies":[{"name":"wp","href":"https:\/\/api.w.org\/{rel}","templated":true}]}}