{"id":337,"date":"2024-01-18T11:48:52","date_gmt":"2024-01-18T10:48:52","guid":{"rendered":"https:\/\/fucin-erasmusplus.eu\/?page_id=337"},"modified":"2024-01-30T11:10:42","modified_gmt":"2024-01-30T10:10:42","slug":"who-we-are-tur","status":"publish","type":"page","link":"https:\/\/fucin-erasmusplus.eu\/index.php\/tr\/who-we-are-tur\/","title":{"rendered":"Biz kimiz?"},"content":{"rendered":"\t\t<div data-elementor-type=\"wp-page\" data-elementor-id=\"337\" class=\"elementor elementor-337\">\n\t\t\t\t\t\t\t<div class=\"elementor-element elementor-element-a4f311c e-flex e-con-boxed e-con e-parent\" data-id=\"a4f311c\" data-element_type=\"container\" data-settings=\"{&quot;content_width&quot;:&quot;boxed&quot;}\" data-core-v316-plus=\"true\">\n\t\t\t\t\t<div class=\"e-con-inner\">\n\t\t\t\t<div class=\"elementor-element elementor-element-482e32b elementor-widget elementor-widget-heading\" data-id=\"482e32b\" data-element_type=\"widget\" data-widget_type=\"heading.default\">\n\t\t\t\t<div class=\"elementor-widget-container\">\n\t\t\t<style>\/*! elementor - v3.18.0 - 20-12-2023 *\/\n.elementor-heading-title{padding:0;margin:0;line-height:1}.elementor-widget-heading .elementor-heading-title[class*=elementor-size-]>a{color:inherit;font-size:inherit;line-height:inherit}.elementor-widget-heading .elementor-heading-title.elementor-size-small{font-size:15px}.elementor-widget-heading .elementor-heading-title.elementor-size-medium{font-size:19px}.elementor-widget-heading .elementor-heading-title.elementor-size-large{font-size:29px}.elementor-widget-heading .elementor-heading-title.elementor-size-xl{font-size:39px}.elementor-widget-heading .elementor-heading-title.elementor-size-xxl{font-size:59px}<\/style><h2 class=\"elementor-heading-title elementor-size-medium\">FuCIN projesinin \u00f6zel bir g\u00fcc\u00fc, \u00f6ng\u00f6r\u00fclen t\u00fcm faaliyetleri ba\u015far\u0131l\u0131 bir \u015fekilde organize etmek, uygulamak ve ger\u00e7ekle\u015ftirmek i\u00e7in tamamlay\u0131c\u0131 uzmanl\u0131\u011fa sahip iyi dengelenmi\u015f konsorsiyumudur. FuCIN ortaklar\u0131, aktif vatanda\u015flar olarak \u00f6\u011frencilerin ve a\u00e7\u0131k ve i\u015fbirlik\u00e7i kurumlar olarak belediyelerin i\u015fbirlik\u00e7i kat\u0131l\u0131m\u0131n\u0131n uygulanmas\u0131nda projenin sivil kat\u0131l\u0131m ruhunun \u00f6z\u00fcn\u00fc temsil etmektedir. <\/h2>\t\t<\/div>\n\t\t\t\t<\/div>\n\t\t\t\t<div class=\"elementor-element elementor-element-eb43f45 elementor-widget elementor-widget-text-editor\" data-id=\"eb43f45\" data-element_type=\"widget\" data-widget_type=\"text-editor.default\">\n\t\t\t\t<div class=\"elementor-widget-container\">\n\t\t\t<style>\/*! elementor - v3.18.0 - 20-12-2023 *\/\n.elementor-widget-text-editor.elementor-drop-cap-view-stacked .elementor-drop-cap{background-color:#69727d;color:#fff}.elementor-widget-text-editor.elementor-drop-cap-view-framed .elementor-drop-cap{color:#69727d;border:3px solid;background-color:transparent}.elementor-widget-text-editor:not(.elementor-drop-cap-view-default) .elementor-drop-cap{margin-top:8px}.elementor-widget-text-editor:not(.elementor-drop-cap-view-default) .elementor-drop-cap-letter{width:1em;height:1em}.elementor-widget-text-editor .elementor-drop-cap{float:left;text-align:center;line-height:1;font-size:50px}.elementor-widget-text-editor .elementor-drop-cap-letter{display:inline-block}<\/style>\t\t\t\t<p>\u00dc\u00e7 farkl\u0131 \u00fclkeye (\u0130talya, T\u00fcrkiye ve Slovakya) mensup 7 farkl\u0131 ortak, FuCIN projesi taraf\u0131ndan belirlenen hedeflere ula\u015fmak i\u00e7in yak\u0131n i\u015fbirli\u011fi i\u00e7inde \u00e7al\u0131\u015facak.<\/p>\t\t\t\t\t\t<\/div>\n\t\t\t\t<\/div>\n\t\t\t\t\t<\/div>\n\t\t\t\t<\/div>\n\t\t<div class=\"elementor-element elementor-element-4d7e8cf e-flex e-con-boxed e-con e-parent\" data-id=\"4d7e8cf\" data-element_type=\"container\" data-settings=\"{&quot;content_width&quot;:&quot;boxed&quot;}\" data-core-v316-plus=\"true\">\n\t\t\t\t\t<div class=\"e-con-inner\">\n\t\t<div class=\"elementor-element elementor-element-04d71f7 e-con-full e-flex e-con e-child\" data-id=\"04d71f7\" data-element_type=\"container\" data-settings=\"{&quot;content_width&quot;:&quot;full&quot;}\">\n\t\t\t\t<div class=\"elementor-element elementor-element-27beaed elementor-widget__width-initial elementor-widget elementor-widget-image\" data-id=\"27beaed\" data-element_type=\"widget\" data-widget_type=\"image.default\">\n\t\t\t\t<div class=\"elementor-widget-container\">\n\t\t\t<style>\/*! elementor - v3.18.0 - 20-12-2023 *\/\n.elementor-widget-image{text-align:center}.elementor-widget-image a{display:inline-block}.elementor-widget-image a img[src$=\".svg\"]{width:48px}.elementor-widget-image img{vertical-align:middle;display:inline-block}<\/style>\t\t\t\t\t\t\t\t\t\t\t\t\t<a href=\"https:\/\/www.cnr.it\/\">\n\t\t\t\t\t\t\t<img decoding=\"async\" width=\"150\" height=\"150\" src=\"https:\/\/fucin-erasmusplus.eu\/wp-content\/uploads\/2024\/01\/Unknown-150x150.png\" class=\"attachment-thumbnail size-thumbnail wp-image-139\" alt=\"\" srcset=\"https:\/\/fucin-erasmusplus.eu\/wp-content\/uploads\/2024\/01\/Unknown-150x150.png 150w, https:\/\/fucin-erasmusplus.eu\/wp-content\/uploads\/2024\/01\/Unknown.png 225w\" sizes=\"(max-width: 150px) 100vw, 150px\" \/>\t\t\t\t\t\t\t\t<\/a>\n\t\t\t\t\t\t\t\t\t\t\t\t\t\t\t<\/div>\n\t\t\t\t<\/div>\n\t\t\t\t<\/div>\n\t\t<div class=\"elementor-element elementor-element-339a4a0 e-con-full e-flex e-con e-child\" data-id=\"339a4a0\" data-element_type=\"container\" data-settings=\"{&quot;content_width&quot;:&quot;full&quot;}\">\n\t\t\t\t<div class=\"elementor-element elementor-element-0ae2f05 elementor-widget elementor-widget-text-editor\" data-id=\"0ae2f05\" data-element_type=\"widget\" data-widget_type=\"text-editor.default\">\n\t\t\t\t<div class=\"elementor-widget-container\">\n\t\t\t\t\t\t\t<p>Ulusal Ara\u015ft\u0131rma Konseyi (CNR) \u0130talya&#8217;daki en b\u00fcy\u00fck kamu ara\u015ft\u0131rma kurumudur ve projede yer alan <a href=\"https:\/\/www.cnr.it\/\"><strong>Biyoekonomi <\/strong><strong>Enstit\u00fcs<\/strong><strong>\u00fc <\/strong><\/a><strong>(IBE)<\/strong> g\u00fc\u00e7l\u00fc bir disiplinler aras\u0131 ve m\u00fckemmel de\u011fer ve proje kaynaklar\u0131na sahiptir. IBE&#8217;nin misyonu, k\u00fcresel de\u011fi\u015fikliklere kar\u015f\u0131 azaltma ve uyum stratejilerinin tan\u0131mlanmas\u0131n\u0131, biyolojik \u00e7e\u015fitlili\u011fin art\u0131r\u0131lmas\u0131n\u0131 ve g\u0131da, \u00fcretim, in\u015faat ve enerji i\u00e7in biyolojik kaynaklar\u0131n kullan\u0131m\u0131na y\u00f6nelik s\u00fcrd\u00fcr\u00fclebilir sistemlerin geli\u015ftirilmesini desteklemek i\u00e7in e\u011fitim ve \u00f6\u011fretim de dahil olmak \u00fczere her alanda \u00e7al\u0131\u015fmakt\u0131r.<\/p>\t\t\t\t\t\t<\/div>\n\t\t\t\t<\/div>\n\t\t\t\t<\/div>\n\t\t<div class=\"elementor-element elementor-element-ee22c94 e-con-full e-flex e-con e-child\" data-id=\"ee22c94\" data-element_type=\"container\" data-settings=\"{&quot;content_width&quot;:&quot;full&quot;}\">\n\t\t\t\t<div class=\"elementor-element elementor-element-485d033 elementor-widget__width-initial elementor-widget elementor-widget-image\" data-id=\"485d033\" data-element_type=\"widget\" data-widget_type=\"image.default\">\n\t\t\t\t<div class=\"elementor-widget-container\">\n\t\t\t\t\t\t\t\t\t\t\t\t\t\t\t\t<a href=\"http:\/\/www.trochuinak.sk\">\n\t\t\t\t\t\t\t<img decoding=\"async\" width=\"150\" height=\"150\" src=\"https:\/\/fucin-erasmusplus.eu\/wp-content\/uploads\/2024\/01\/logo-PNG_INAK-150x150.png\" class=\"attachment-thumbnail size-thumbnail wp-image-140\" alt=\"\" \/>\t\t\t\t\t\t\t\t<\/a>\n\t\t\t\t\t\t\t\t\t\t\t\t\t\t\t<\/div>\n\t\t\t\t<\/div>\n\t\t\t\t<\/div>\n\t\t<div class=\"elementor-element elementor-element-b823ced e-con-full e-flex e-con e-child\" data-id=\"b823ced\" data-element_type=\"container\" data-settings=\"{&quot;content_width&quot;:&quot;full&quot;}\">\n\t\t\t\t<div class=\"elementor-element elementor-element-2cb20ee elementor-widget__width-initial elementor-widget elementor-widget-text-editor\" data-id=\"2cb20ee\" data-element_type=\"widget\" data-widget_type=\"text-editor.default\">\n\t\t\t\t<div class=\"elementor-widget-container\">\n\t\t\t\t\t\t\t<p><a href=\"http:\/\/www.trochuinak.sk\/\"><strong>INAK<\/strong><\/a>, Slovakya&#8217;da bulunan ve \u00e7ocuklar, gen\u00e7ler ve yeti\u015fkinler olmak \u00fczere \u00e7e\u015fitli hedef gruplara e\u011fitim destek faaliyetleri sa\u011flayarak insan kaynaklar\u0131n\u0131n ve \u00f6\u011frencilerin temel yeterliliklerinin geli\u015ftirilmesine odaklanan bir STK&#8217;d\u0131r. INAK, ya\u015fam boyu \u00f6\u011frenme, do\u011fa ve \u00e7evre koruma ilkelerinin yan\u0131 s\u0131ra a\u00e7\u0131k havada \u00f6\u011frenme ve do\u011fal ve k\u00fclt\u00fcrel mirasla ili\u015fki kurma ilkelerini desteklemektedir.<\/p>\t\t\t\t\t\t<\/div>\n\t\t\t\t<\/div>\n\t\t\t\t<\/div>\n\t\t\t\t\t<\/div>\n\t\t\t\t<\/div>\n\t\t<div class=\"elementor-element elementor-element-058f8bc e-flex e-con-boxed e-con e-parent\" data-id=\"058f8bc\" data-element_type=\"container\" data-settings=\"{&quot;content_width&quot;:&quot;boxed&quot;}\" data-core-v316-plus=\"true\">\n\t\t\t\t\t<div class=\"e-con-inner\">\n\t\t<div class=\"elementor-element elementor-element-6f9a745 e-con-full e-flex e-con e-child\" data-id=\"6f9a745\" data-element_type=\"container\" data-settings=\"{&quot;content_width&quot;:&quot;full&quot;}\">\n\t\t\t\t<div class=\"elementor-element elementor-element-d5b7f05 elementor-widget elementor-widget-spacer\" data-id=\"d5b7f05\" data-element_type=\"widget\" data-widget_type=\"spacer.default\">\n\t\t\t\t<div class=\"elementor-widget-container\">\n\t\t\t<style>\/*! elementor - v3.18.0 - 20-12-2023 *\/\n.elementor-column .elementor-spacer-inner{height:var(--spacer-size)}.e-con{--container-widget-width:100%}.e-con-inner>.elementor-widget-spacer,.e-con>.elementor-widget-spacer{width:var(--container-widget-width,var(--spacer-size));--align-self:var(--container-widget-align-self,initial);--flex-shrink:0}.e-con-inner>.elementor-widget-spacer>.elementor-widget-container,.e-con>.elementor-widget-spacer>.elementor-widget-container{height:100%;width:100%}.e-con-inner>.elementor-widget-spacer>.elementor-widget-container>.elementor-spacer,.e-con>.elementor-widget-spacer>.elementor-widget-container>.elementor-spacer{height:100%}.e-con-inner>.elementor-widget-spacer>.elementor-widget-container>.elementor-spacer>.elementor-spacer-inner,.e-con>.elementor-widget-spacer>.elementor-widget-container>.elementor-spacer>.elementor-spacer-inner{height:var(--container-widget-height,var(--spacer-size))}.e-con-inner>.elementor-widget-spacer.elementor-widget-empty,.e-con>.elementor-widget-spacer.elementor-widget-empty{position:relative;min-height:22px;min-width:22px}.e-con-inner>.elementor-widget-spacer.elementor-widget-empty .elementor-widget-empty-icon,.e-con>.elementor-widget-spacer.elementor-widget-empty .elementor-widget-empty-icon{position:absolute;top:0;bottom:0;left:0;right:0;margin:auto;padding:0;width:22px;height:22px}<\/style>\t\t<div class=\"elementor-spacer\">\n\t\t\t<div class=\"elementor-spacer-inner\"><\/div>\n\t\t<\/div>\n\t\t\t\t<\/div>\n\t\t\t\t<\/div>\n\t\t\t\t<div class=\"elementor-element elementor-element-815e751 elementor-widget__width-initial elementor-widget elementor-widget-image\" data-id=\"815e751\" data-element_type=\"widget\" data-widget_type=\"image.default\">\n\t\t\t\t<div class=\"elementor-widget-container\">\n\t\t\t\t\t\t\t\t\t\t\t\t\t\t\t\t<a href=\"http:\/\/www.k12.org.tr\">\n\t\t\t\t\t\t\t<img fetchpriority=\"high\" decoding=\"async\" width=\"462\" height=\"226\" src=\"https:\/\/fucin-erasmusplus.eu\/wp-content\/uploads\/2024\/01\/vakifk12_logo.png\" class=\"attachment-large size-large wp-image-143\" alt=\"\" srcset=\"https:\/\/fucin-erasmusplus.eu\/wp-content\/uploads\/2024\/01\/vakifk12_logo.png 462w, https:\/\/fucin-erasmusplus.eu\/wp-content\/uploads\/2024\/01\/vakifk12_logo-300x147.png 300w\" sizes=\"(max-width: 462px) 100vw, 462px\" \/>\t\t\t\t\t\t\t\t<\/a>\n\t\t\t\t\t\t\t\t\t\t\t\t\t\t\t<\/div>\n\t\t\t\t<\/div>\n\t\t\t\t<\/div>\n\t\t<div class=\"elementor-element elementor-element-bf2a3e3 e-con-full e-flex e-con e-child\" data-id=\"bf2a3e3\" data-element_type=\"container\" data-settings=\"{&quot;content_width&quot;:&quot;full&quot;}\">\n\t\t\t\t<div class=\"elementor-element elementor-element-fa15354 elementor-widget elementor-widget-text-editor\" data-id=\"fa15354\" data-element_type=\"widget\" data-widget_type=\"text-editor.default\">\n\t\t\t\t<div class=\"elementor-widget-container\">\n\t\t\t\t\t\t\t<p><a href=\"http:\/\/www.k12.org.tr\"><strong>VAKIF<\/strong><strong> k12<\/strong><\/a>, 2014 y\u0131l\u0131nda 21.y\u00fczy\u0131l \u00f6\u011frencileri ve \u00f6\u011fretmenleri i\u00e7in yeni bir \u00f6\u011frenim ekosistemi fikrini y\u00f6netmek amac\u0131yla kurulmu\u015f, k\u00e2r amac\u0131 g\u00fctmeyen bir sivil toplum kurulu\u015fudur. Ger\u00e7ek bir STEM yeterlilikleri y\u00fckseltmesi i\u00e7in fen-teknoloji-m\u00fchendislik-matematik disiplinlerini birle\u015ftiren s\u0131n\u0131f birimleri ile okulun t\u00fcm y\u00f6netim ve ders edinimine dayal\u0131 \u00f6\u011frenme s\u00fcre\u00e7lerinin web tabanl\u0131 organizasyonunu yapmaktad\u0131r.<\/p>\t\t\t\t\t\t<\/div>\n\t\t\t\t<\/div>\n\t\t\t\t<\/div>\n\t\t<div class=\"elementor-element elementor-element-3e165fa e-con-full e-flex e-con e-child\" data-id=\"3e165fa\" data-element_type=\"container\" data-settings=\"{&quot;content_width&quot;:&quot;full&quot;}\">\n\t\t\t\t<div class=\"elementor-element elementor-element-8b15a34 elementor-widget elementor-widget-image\" data-id=\"8b15a34\" data-element_type=\"widget\" data-widget_type=\"image.default\">\n\t\t\t\t<div class=\"elementor-widget-container\">\n\t\t\t\t\t\t\t\t\t\t\t\t\t\t\t\t<a href=\"https:\/\/www.ittmarcopolo.edu.it\">\n\t\t\t\t\t\t\t<img loading=\"lazy\" decoding=\"async\" width=\"271\" height=\"186\" src=\"https:\/\/fucin-erasmusplus.eu\/wp-content\/uploads\/2024\/01\/marcopolo.jpeg\" class=\"attachment-large size-large wp-image-144\" alt=\"\" \/>\t\t\t\t\t\t\t\t<\/a>\n\t\t\t\t\t\t\t\t\t\t\t\t\t\t\t<\/div>\n\t\t\t\t<\/div>\n\t\t\t\t<\/div>\n\t\t<div class=\"elementor-element elementor-element-7e508fa e-con-full e-flex e-con e-child\" data-id=\"7e508fa\" data-element_type=\"container\" data-settings=\"{&quot;content_width&quot;:&quot;full&quot;}\">\n\t\t\t\t<div class=\"elementor-element elementor-element-5eb6a1c elementor-widget elementor-widget-text-editor\" data-id=\"5eb6a1c\" data-element_type=\"widget\" data-widget_type=\"text-editor.default\">\n\t\t\t\t<div class=\"elementor-widget-container\">\n\t\t\t\t\t\t\t<p><a href=\"https:\/\/www.ittmarcopolo.edu.it\"><strong>ITT Marco Polo<\/strong><\/a>, Floransa&#8217;da (\u0130talya) bulunan ve gen\u00e7 \u00f6\u011frencileri profesyonel olarak turizm sekt\u00f6r\u00fcnde \u00e7al\u0131\u015fmaya haz\u0131rlamaya y\u00f6nelik \u00f6zel bir e\u011fitim \u00e7al\u0131\u015fma plan\u0131 \u00f6neren bir devlet orta\u00f6\u011fretim teknik okuludur. Ayn\u0131 zamanda dilbilimsel bir ortaokul olarak e\u011fitim haz\u0131rl\u0131\u011f\u0131 da sunmaktad\u0131r.<\/p>\t\t\t\t\t\t<\/div>\n\t\t\t\t<\/div>\n\t\t\t\t<\/div>\n\t\t\t\t\t<\/div>\n\t\t\t\t<\/div>\n\t\t<div class=\"elementor-element elementor-element-740e7b0 e-flex e-con-boxed e-con e-parent\" data-id=\"740e7b0\" data-element_type=\"container\" data-settings=\"{&quot;content_width&quot;:&quot;boxed&quot;}\" data-core-v316-plus=\"true\">\n\t\t\t\t\t<div class=\"e-con-inner\">\n\t\t<div class=\"elementor-element elementor-element-8030544 e-con-full e-flex e-con e-child\" data-id=\"8030544\" data-element_type=\"container\" data-settings=\"{&quot;content_width&quot;:&quot;full&quot;}\">\n\t\t\t\t<div class=\"elementor-element elementor-element-f279f67 elementor-widget__width-initial elementor-widget elementor-widget-image\" data-id=\"f279f67\" data-element_type=\"widget\" data-widget_type=\"image.default\">\n\t\t\t\t<div class=\"elementor-widget-container\">\n\t\t\t\t\t\t\t\t\t\t\t\t\t\t\t\t<a href=\"https:\/\/www.comune.calenzano.fi.it\/it\">\n\t\t\t\t\t\t\t<img loading=\"lazy\" decoding=\"async\" width=\"150\" height=\"150\" src=\"https:\/\/fucin-erasmusplus.eu\/wp-content\/uploads\/2024\/01\/Screenshot-2024-01-12-alle-16.48.01-150x150.png\" class=\"attachment-thumbnail size-thumbnail wp-image-147\" alt=\"\" \/>\t\t\t\t\t\t\t\t<\/a>\n\t\t\t\t\t\t\t\t\t\t\t\t\t\t\t<\/div>\n\t\t\t\t<\/div>\n\t\t\t\t<\/div>\n\t\t<div class=\"elementor-element elementor-element-87b6a24 e-con-full e-flex e-con e-child\" data-id=\"87b6a24\" data-element_type=\"container\" data-settings=\"{&quot;content_width&quot;:&quot;full&quot;}\">\n\t\t\t\t<div class=\"elementor-element elementor-element-03ab88b elementor-widget elementor-widget-text-editor\" data-id=\"03ab88b\" data-element_type=\"widget\" data-widget_type=\"text-editor.default\">\n\t\t\t\t<div class=\"elementor-widget-container\">\n\t\t\t\t\t\t\t<p><a href=\"http:\/\/www.comune.calenzano.fi.it\/\"><strong>Calenzano<\/strong><\/a>, toplam 76,97 km\u00b2 y\u00fcz\u00f6l\u00e7\u00fcm\u00fcne sahip bir Toskana belediyesidir (\u0130talya). Belediye y\u00f6netimi, birka\u00e7 y\u0131ld\u0131r, k\u0131rsal ve kent \u00e7evresi b\u00f6lgenin aktif bir \u015fekilde korunmas\u0131 ve s\u00fcrd\u00fcr\u00fclebilir bir \u015fekilde geli\u015ftirilmesini ama\u00e7layan, b\u00f6lgesel kaynaklar\u0131n ve yerel kalk\u0131nman\u0131n y\u00f6neti\u015fimine y\u00f6nelik ortak bir strateji izlemektedir.<\/p>\t\t\t\t\t\t<\/div>\n\t\t\t\t<\/div>\n\t\t\t\t<\/div>\n\t\t<div class=\"elementor-element elementor-element-5c8f96b e-con-full e-flex e-con e-child\" data-id=\"5c8f96b\" data-element_type=\"container\" data-settings=\"{&quot;content_width&quot;:&quot;full&quot;}\">\n\t\t\t\t<div class=\"elementor-element elementor-element-32c69fd elementor-widget elementor-widget-image\" data-id=\"32c69fd\" data-element_type=\"widget\" data-widget_type=\"image.default\">\n\t\t\t\t<div class=\"elementor-widget-container\">\n\t\t\t\t\t\t\t\t\t\t\t\t\t\t\t\t<a href=\"https:\/\/www.bilimcedernegi.com\">\n\t\t\t\t\t\t\t<img loading=\"lazy\" decoding=\"async\" width=\"1024\" height=\"1024\" src=\"https:\/\/fucin-erasmusplus.eu\/wp-content\/uploads\/2024\/01\/Bilimce-Derneg_i-Logo-1-1024x1024.png\" class=\"attachment-large size-large wp-image-151\" alt=\"\" srcset=\"https:\/\/fucin-erasmusplus.eu\/wp-content\/uploads\/2024\/01\/Bilimce-Derneg_i-Logo-1-1024x1024.png 1024w, https:\/\/fucin-erasmusplus.eu\/wp-content\/uploads\/2024\/01\/Bilimce-Derneg_i-Logo-1-300x300.png 300w, https:\/\/fucin-erasmusplus.eu\/wp-content\/uploads\/2024\/01\/Bilimce-Derneg_i-Logo-1-150x150.png 150w, https:\/\/fucin-erasmusplus.eu\/wp-content\/uploads\/2024\/01\/Bilimce-Derneg_i-Logo-1-768x768.png 768w, https:\/\/fucin-erasmusplus.eu\/wp-content\/uploads\/2024\/01\/Bilimce-Derneg_i-Logo-1-600x600.png 600w, https:\/\/fucin-erasmusplus.eu\/wp-content\/uploads\/2024\/01\/Bilimce-Derneg_i-Logo-1.png 1500w\" sizes=\"(max-width: 1024px) 100vw, 1024px\" \/>\t\t\t\t\t\t\t\t<\/a>\n\t\t\t\t\t\t\t\t\t\t\t\t\t\t\t<\/div>\n\t\t\t\t<\/div>\n\t\t\t\t<\/div>\n\t\t<div class=\"elementor-element elementor-element-cef319d e-con-full e-flex e-con e-child\" data-id=\"cef319d\" data-element_type=\"container\" data-settings=\"{&quot;content_width&quot;:&quot;full&quot;}\">\n\t\t\t\t<div class=\"elementor-element elementor-element-27d0764 elementor-widget elementor-widget-text-editor\" data-id=\"27d0764\" data-element_type=\"widget\" data-widget_type=\"text-editor.default\">\n\t\t\t\t<div class=\"elementor-widget-container\">\n\t\t\t\t\t\t\t<p>T\u00fcrkiye&#8217;de bulunan <a href=\"https:\/\/www.bilimcedernegi.com\"><strong>Bilimce <\/strong><strong>Derne\u011fi<\/strong><\/a>, iklim de\u011fi\u015fikli\u011fi ve s\u00fcrd\u00fcr\u00fclebilirlik alanlar\u0131nda sonu\u00e7 ve politikalar geli\u015ftirmek, uygulamak, yayg\u0131nla\u015ft\u0131rmak ve bu alanlarda fark\u0131ndal\u0131k yaratmak amac\u0131yla kurulmu\u015ftur. Bilimce Derne\u011fi, kamu y\u00f6netimlerinin eylemlerinin vatanda\u015flar\u0131n refah\u0131na etkisi konusunda fark\u0131ndal\u0131k \u00e7al\u0131\u015fmalar\u0131 y\u00fcr\u00fcten bir politika yap\u0131c\u0131lar, payda\u015flar ve \u00fcniversite platformudur.<\/p>\t\t\t\t\t\t<\/div>\n\t\t\t\t<\/div>\n\t\t\t\t<\/div>\n\t\t\t\t\t<\/div>\n\t\t\t\t<\/div>\n\t\t<div class=\"elementor-element elementor-element-9183383 e-flex e-con-boxed e-con e-parent\" data-id=\"9183383\" data-element_type=\"container\" data-settings=\"{&quot;content_width&quot;:&quot;boxed&quot;}\" data-core-v316-plus=\"true\">\n\t\t\t\t\t<div class=\"e-con-inner\">\n\t\t<div class=\"elementor-element elementor-element-0d73588 e-con-full e-flex e-con e-child\" data-id=\"0d73588\" data-element_type=\"container\" data-settings=\"{&quot;content_width&quot;:&quot;full&quot;}\">\n\t\t\t\t<div class=\"elementor-element elementor-element-cea8266 elementor-widget elementor-widget-spacer\" data-id=\"cea8266\" data-element_type=\"widget\" data-widget_type=\"spacer.default\">\n\t\t\t\t<div class=\"elementor-widget-container\">\n\t\t\t\t\t<div class=\"elementor-spacer\">\n\t\t\t<div class=\"elementor-spacer-inner\"><\/div>\n\t\t<\/div>\n\t\t\t\t<\/div>\n\t\t\t\t<\/div>\n\t\t\t\t<div class=\"elementor-element elementor-element-57e80be elementor-widget elementor-widget-image\" data-id=\"57e80be\" data-element_type=\"widget\" data-widget_type=\"image.default\">\n\t\t\t\t<div class=\"elementor-widget-container\">\n\t\t\t\t\t\t\t\t\t\t\t\t\t\t\t\t<a href=\"https:\/\/www.marmara.gov.tr\">\n\t\t\t\t\t\t\t<img loading=\"lazy\" decoding=\"async\" width=\"958\" height=\"320\" src=\"https:\/\/fucin-erasmusplus.eu\/wp-content\/uploads\/2024\/01\/Screenshot-2024-01-12-alle-16.58.15.png\" class=\"attachment-large size-large wp-image-156\" alt=\"\" srcset=\"https:\/\/fucin-erasmusplus.eu\/wp-content\/uploads\/2024\/01\/Screenshot-2024-01-12-alle-16.58.15.png 958w, https:\/\/fucin-erasmusplus.eu\/wp-content\/uploads\/2024\/01\/Screenshot-2024-01-12-alle-16.58.15-300x100.png 300w, https:\/\/fucin-erasmusplus.eu\/wp-content\/uploads\/2024\/01\/Screenshot-2024-01-12-alle-16.58.15-768x257.png 768w\" sizes=\"(max-width: 958px) 100vw, 958px\" \/>\t\t\t\t\t\t\t\t<\/a>\n\t\t\t\t\t\t\t\t\t\t\t\t\t\t\t<\/div>\n\t\t\t\t<\/div>\n\t\t\t\t<\/div>\n\t\t<div class=\"elementor-element elementor-element-3e52a22 e-con-full e-flex e-con e-child\" data-id=\"3e52a22\" data-element_type=\"container\" data-settings=\"{&quot;content_width&quot;:&quot;full&quot;}\">\n\t\t\t\t<div class=\"elementor-element elementor-element-05090a8 elementor-widget elementor-widget-text-editor\" data-id=\"05090a8\" data-element_type=\"widget\" data-widget_type=\"text-editor.default\">\n\t\t\t\t<div class=\"elementor-widget-container\">\n\t\t\t\t\t\t\t<p><a href=\"http:\/\/www.marmara.gov.tr\/\"><strong>Marmara Belediyeler Birli\u011fi<\/strong><\/a> (MBB), T\u00fcrkiye&#8217;nin ilk ve en b\u00fcy\u00fck b\u00f6lgesel yerel y\u00f6netim birli\u011fidir. MBB&#8217;nin merkezi \u0130stanbul&#8217;dad\u0131r. MBB, \u00e7evre, kentle\u015fme, g\u00f6\u00e7 ve sosyal uyum, yerel diplomasi, yerel ekonomik kalk\u0131nma, dayan\u0131kl\u0131l\u0131k, kentsel teknoloji ve inovasyon gibi alanlarda faaliyetler y\u00fcr\u00fctmektedir.<\/p>\t\t\t\t\t\t<\/div>\n\t\t\t\t<\/div>\n\t\t\t\t<\/div>\n\t\t\t\t\t<\/div>\n\t\t\t\t<\/div>\n\t\t\t\t\t\t\t<\/div>\n\t\t","protected":false},"excerpt":{"rendered":"<p>FuCIN projesinin \u00f6zel bir g\u00fcc\u00fc, \u00f6ng\u00f6r\u00fclen t\u00fcm faaliyetleri ba\u015far\u0131l\u0131 bir \u015fekilde organize etmek, uygulamak ve ger\u00e7ekle\u015ftirmek i\u00e7in tamamlay\u0131c\u0131 uzmanl\u0131\u011fa sahip iyi dengelenmi\u015f konsorsiyumudur. FuCIN ortaklar\u0131, aktif vatanda\u015flar olarak \u00f6\u011frencilerin ve a\u00e7\u0131k ve i\u015fbirlik\u00e7i kurumlar olarak belediyelerin i\u015fbirlik\u00e7i kat\u0131l\u0131m\u0131n\u0131n uygulanmas\u0131nda projenin sivil kat\u0131l\u0131m ruhunun \u00f6z\u00fcn\u00fc temsil etmektedir. \u00dc\u00e7 farkl\u0131 \u00fclkeye (\u0130talya, T\u00fcrkiye ve Slovakya) mensup 7 [&hellip;]<\/p>\n","protected":false},"author":2,"featured_media":0,"parent":0,"menu_order":0,"comment_status":"closed","ping_status":"closed","template":"","meta":{"footnotes":""},"class_list":["post-337","page","type-page","status-publish","hentry","entry"],"_links":{"self":[{"href":"https:\/\/fucin-erasmusplus.eu\/index.php\/wp-json\/wp\/v2\/pages\/337","targetHints":{"allow":["GET"]}}],"collection":[{"href":"https:\/\/fucin-erasmusplus.eu\/index.php\/wp-json\/wp\/v2\/pages"}],"about":[{"href":"https:\/\/fucin-erasmusplus.eu\/index.php\/wp-json\/wp\/v2\/types\/page"}],"author":[{"embeddable":true,"href":"https:\/\/fucin-erasmusplus.eu\/index.php\/wp-json\/wp\/v2\/users\/2"}],"replies":[{"embeddable":true,"href":"https:\/\/fucin-erasmusplus.eu\/index.php\/wp-json\/wp\/v2\/comments?post=337"}],"version-history":[{"count":17,"href":"https:\/\/fucin-erasmusplus.eu\/index.php\/wp-json\/wp\/v2\/pages\/337\/revisions"}],"predecessor-version":[{"id":503,"href":"https:\/\/fucin-erasmusplus.eu\/index.php\/wp-json\/wp\/v2\/pages\/337\/revisions\/503"}],"wp:attachment":[{"href":"https:\/\/fucin-erasmusplus.eu\/index.php\/wp-json\/wp\/v2\/media?parent=337"}],"curies":[{"name":"wp","href":"https:\/\/api.w.org\/{rel}","templated":true}]}}