{"id":339,"date":"2024-01-18T11:49:27","date_gmt":"2024-01-18T10:49:27","guid":{"rendered":"https:\/\/fucin-erasmusplus.eu\/?page_id=339"},"modified":"2024-02-12T14:17:12","modified_gmt":"2024-02-12T13:17:12","slug":"who-we-are-sk","status":"publish","type":"page","link":"https:\/\/fucin-erasmusplus.eu\/index.php\/sk\/who-we-are-sk\/","title":{"rendered":"Kto sme"},"content":{"rendered":"\t\t<div data-elementor-type=\"wp-page\" data-elementor-id=\"339\" class=\"elementor elementor-339\">\n\t\t\t\t\t\t\t<div class=\"elementor-element elementor-element-a4f311c e-flex e-con-boxed e-con e-parent\" data-id=\"a4f311c\" data-element_type=\"container\" data-settings=\"{&quot;content_width&quot;:&quot;boxed&quot;}\" data-core-v316-plus=\"true\">\n\t\t\t\t\t<div class=\"e-con-inner\">\n\t\t\t\t<div class=\"elementor-element elementor-element-482e32b elementor-widget elementor-widget-heading\" data-id=\"482e32b\" data-element_type=\"widget\" data-widget_type=\"heading.default\">\n\t\t\t\t<div class=\"elementor-widget-container\">\n\t\t\t<style>\/*! elementor - v3.18.0 - 20-12-2023 *\/\n.elementor-heading-title{padding:0;margin:0;line-height:1}.elementor-widget-heading .elementor-heading-title[class*=elementor-size-]>a{color:inherit;font-size:inherit;line-height:inherit}.elementor-widget-heading .elementor-heading-title.elementor-size-small{font-size:15px}.elementor-widget-heading .elementor-heading-title.elementor-size-medium{font-size:19px}.elementor-widget-heading .elementor-heading-title.elementor-size-large{font-size:29px}.elementor-widget-heading .elementor-heading-title.elementor-size-xl{font-size:39px}.elementor-widget-heading .elementor-heading-title.elementor-size-xxl{font-size:59px}<\/style><h2 class=\"elementor-heading-title elementor-size-medium\">\u0160pecifickou silnou str\u00e1nkou projektu FuCIn je jeho vyv\u00e1\u017een\u00e9 konzorcium, ktor\u00e9 disponuje vz\u00e1jomne sa dop\u013a\u0148aj\u00facimi odborn\u00fdmi znalos\u0165ami, aby mohlo \u00faspe\u0161ne organizova\u0165, implementova\u0165 a realizova\u0165 v\u0161etky pl\u00e1novan\u00e9 aktivity. Partneri FuCIn predstavuj\u00fa du\u0161u ob\u010dianskej anga\u017eovanosti tohto projektu, pri realiz\u00e1cii spolupr\u00e1ce \u0161tudentov ako akt\u00edvnych ob\u010danov a miestnych samospr\u00e1v ako otvoren\u00fdch a kooperuj\u00facich in\u0161tit\u00faci\u00ed.<\/h2>\t\t<\/div>\n\t\t\t\t<\/div>\n\t\t\t\t<div class=\"elementor-element elementor-element-eb43f45 elementor-widget elementor-widget-text-editor\" data-id=\"eb43f45\" data-element_type=\"widget\" data-widget_type=\"text-editor.default\">\n\t\t\t\t<div class=\"elementor-widget-container\">\n\t\t\t<style>\/*! elementor - v3.18.0 - 20-12-2023 *\/\n.elementor-widget-text-editor.elementor-drop-cap-view-stacked .elementor-drop-cap{background-color:#69727d;color:#fff}.elementor-widget-text-editor.elementor-drop-cap-view-framed .elementor-drop-cap{color:#69727d;border:3px solid;background-color:transparent}.elementor-widget-text-editor:not(.elementor-drop-cap-view-default) .elementor-drop-cap{margin-top:8px}.elementor-widget-text-editor:not(.elementor-drop-cap-view-default) .elementor-drop-cap-letter{width:1em;height:1em}.elementor-widget-text-editor .elementor-drop-cap{float:left;text-align:center;line-height:1;font-size:50px}.elementor-widget-text-editor .elementor-drop-cap-letter{display:inline-block}<\/style>\t\t\t\t<p>7 r\u00f4znych partnerov z troch r\u00f4znych kraj\u00edn (Taliansko, Turecko a Slovensko) bude \u00fazko spolupracova\u0165 na dosiahnut\u00ed vyt\u00fd\u010den\u00fdch cie\u013eov projektu FUCIN:<\/p>\t\t\t\t\t\t<\/div>\n\t\t\t\t<\/div>\n\t\t\t\t\t<\/div>\n\t\t\t\t<\/div>\n\t\t<div class=\"elementor-element elementor-element-4d7e8cf e-flex e-con-boxed e-con e-parent\" data-id=\"4d7e8cf\" data-element_type=\"container\" data-settings=\"{&quot;content_width&quot;:&quot;boxed&quot;}\" data-core-v316-plus=\"true\">\n\t\t\t\t\t<div class=\"e-con-inner\">\n\t\t<div class=\"elementor-element elementor-element-04d71f7 e-con-full e-flex e-con e-child\" data-id=\"04d71f7\" data-element_type=\"container\" data-settings=\"{&quot;content_width&quot;:&quot;full&quot;}\">\n\t\t\t\t<div class=\"elementor-element elementor-element-27beaed elementor-widget__width-initial elementor-widget elementor-widget-image\" data-id=\"27beaed\" data-element_type=\"widget\" data-widget_type=\"image.default\">\n\t\t\t\t<div class=\"elementor-widget-container\">\n\t\t\t<style>\/*! elementor - v3.18.0 - 20-12-2023 *\/\n.elementor-widget-image{text-align:center}.elementor-widget-image a{display:inline-block}.elementor-widget-image a img[src$=\".svg\"]{width:48px}.elementor-widget-image img{vertical-align:middle;display:inline-block}<\/style>\t\t\t\t\t\t\t\t\t\t\t\t\t<a href=\"https:\/\/www.cnr.it\/\">\n\t\t\t\t\t\t\t<img decoding=\"async\" width=\"150\" height=\"150\" src=\"https:\/\/fucin-erasmusplus.eu\/wp-content\/uploads\/2024\/01\/Unknown-150x150.png\" class=\"attachment-thumbnail size-thumbnail wp-image-139\" alt=\"\" srcset=\"https:\/\/fucin-erasmusplus.eu\/wp-content\/uploads\/2024\/01\/Unknown-150x150.png 150w, https:\/\/fucin-erasmusplus.eu\/wp-content\/uploads\/2024\/01\/Unknown.png 225w\" sizes=\"(max-width: 150px) 100vw, 150px\" \/>\t\t\t\t\t\t\t\t<\/a>\n\t\t\t\t\t\t\t\t\t\t\t\t\t\t\t<\/div>\n\t\t\t\t<\/div>\n\t\t\t\t<\/div>\n\t\t<div class=\"elementor-element elementor-element-339a4a0 e-con-full e-flex e-con e-child\" data-id=\"339a4a0\" data-element_type=\"container\" data-settings=\"{&quot;content_width&quot;:&quot;full&quot;}\">\n\t\t\t\t<div class=\"elementor-element elementor-element-0ae2f05 elementor-widget elementor-widget-text-editor\" data-id=\"0ae2f05\" data-element_type=\"widget\" data-widget_type=\"text-editor.default\">\n\t\t\t\t<div class=\"elementor-widget-container\">\n\t\t\t\t\t\t\t<p>N\u00e1rodn\u00e1 v\u00fdskumn\u00e1 rada (CNR) je najv\u00e4\u010d\u0161ou verejnou v\u00fdskumnou in\u0161tit\u00faciou v Taliansku a <a href=\"https:\/\/www.cnr.it\/\"><strong><u>\u00dastav BioEkon\u00f3mie<\/u><\/strong> (<\/a>IBE), ktor\u00fd sa je zapojen\u00fd do projektu, m\u00e1 siln\u00fa interdisciplin\u00e1rnu \u0161trukt\u00faru a vynikaj\u00face zdroje a z\u00e1zemie pre projekt. Misia IBE spo\u010d\u00edva v pr\u00e1ci vo v\u0161etk\u00fdch oblastiach vr\u00e1tane v\u00fdchovy a vzdel\u00e1vania na podporu definovania mitiga\u010dn\u00fdch a adapta\u010dn\u00fdch strat\u00e9gi\u00ed pre glob\u00e1lne zmeny, zvy\u0161ovania biodiverzity a rozvoja udr\u017eate\u013en\u00fdch syst\u00e9mov pre vyu\u017e\u00edvanie biologick\u00fdch zdrojov na v\u00fdrobu potrav\u00edn, v\u00fdstavbu a energetiku.<\/p>\t\t\t\t\t\t<\/div>\n\t\t\t\t<\/div>\n\t\t\t\t<\/div>\n\t\t<div class=\"elementor-element elementor-element-ee22c94 e-con-full e-flex e-con e-child\" data-id=\"ee22c94\" data-element_type=\"container\" data-settings=\"{&quot;content_width&quot;:&quot;full&quot;}\">\n\t\t\t\t<div class=\"elementor-element elementor-element-485d033 elementor-widget__width-initial elementor-widget elementor-widget-image\" data-id=\"485d033\" data-element_type=\"widget\" data-widget_type=\"image.default\">\n\t\t\t\t<div class=\"elementor-widget-container\">\n\t\t\t\t\t\t\t\t\t\t\t\t\t\t\t\t<a href=\"http:\/\/www.trochuinak.sk\">\n\t\t\t\t\t\t\t<img decoding=\"async\" width=\"150\" height=\"150\" src=\"https:\/\/fucin-erasmusplus.eu\/wp-content\/uploads\/2024\/01\/logo-PNG_INAK-150x150.png\" class=\"attachment-thumbnail size-thumbnail wp-image-140\" alt=\"\" \/>\t\t\t\t\t\t\t\t<\/a>\n\t\t\t\t\t\t\t\t\t\t\t\t\t\t\t<\/div>\n\t\t\t\t<\/div>\n\t\t\t\t<\/div>\n\t\t<div class=\"elementor-element elementor-element-b823ced e-con-full e-flex e-con e-child\" data-id=\"b823ced\" data-element_type=\"container\" data-settings=\"{&quot;content_width&quot;:&quot;full&quot;}\">\n\t\t\t\t<div class=\"elementor-element elementor-element-2cb20ee elementor-widget__width-initial elementor-widget elementor-widget-text-editor\" data-id=\"2cb20ee\" data-element_type=\"widget\" data-widget_type=\"text-editor.default\">\n\t\t\t\t<div class=\"elementor-widget-container\">\n\t\t\t\t\t\t\t<p><a href=\"http:\/\/www.trochuinak.sk\"><strong>INAK<\/strong><\/a> je neziskov\u00e1 organiz\u00e1cia so s\u00eddlom na Slovensku, so zameran\u00edm na rozvoj \u013eudsk\u00fdch zdrojov a k\u013e\u00fa\u010dov\u00fdch kompetenci\u00ed \u00fa\u010dastn\u00edkov vzdel\u00e1vania prostredn\u00edctvom poskytovania vzdel\u00e1vac\u00edch podporn\u00fdch aktiv\u00edt r\u00f4znym cie\u013eov\u00fdm skupin\u00e1m: de\u0165om, ml\u00e1de\u017ei a dospel\u00fdm. INAK podporuje princ\u00edpy celo\u017eivotn\u00e9ho vzdel\u00e1vania, ochranu pr\u00edrody a \u017eivotn\u00e9ho prostredia, ako aj outdoorov\u00e9ho vzdel\u00e1vania a budovanie vz\u0165ahov k pr\u00edrodn\u00e9mu a kult\u00farnemu dedi\u010dstvu.<\/p>\t\t\t\t\t\t<\/div>\n\t\t\t\t<\/div>\n\t\t\t\t<\/div>\n\t\t\t\t\t<\/div>\n\t\t\t\t<\/div>\n\t\t<div class=\"elementor-element elementor-element-058f8bc e-flex e-con-boxed e-con e-parent\" data-id=\"058f8bc\" data-element_type=\"container\" data-settings=\"{&quot;content_width&quot;:&quot;boxed&quot;}\" data-core-v316-plus=\"true\">\n\t\t\t\t\t<div class=\"e-con-inner\">\n\t\t<div class=\"elementor-element elementor-element-6f9a745 e-con-full e-flex e-con e-child\" data-id=\"6f9a745\" data-element_type=\"container\" data-settings=\"{&quot;content_width&quot;:&quot;full&quot;}\">\n\t\t\t\t<div class=\"elementor-element elementor-element-d5b7f05 elementor-widget elementor-widget-spacer\" data-id=\"d5b7f05\" data-element_type=\"widget\" data-widget_type=\"spacer.default\">\n\t\t\t\t<div class=\"elementor-widget-container\">\n\t\t\t<style>\/*! elementor - v3.18.0 - 20-12-2023 *\/\n.elementor-column .elementor-spacer-inner{height:var(--spacer-size)}.e-con{--container-widget-width:100%}.e-con-inner>.elementor-widget-spacer,.e-con>.elementor-widget-spacer{width:var(--container-widget-width,var(--spacer-size));--align-self:var(--container-widget-align-self,initial);--flex-shrink:0}.e-con-inner>.elementor-widget-spacer>.elementor-widget-container,.e-con>.elementor-widget-spacer>.elementor-widget-container{height:100%;width:100%}.e-con-inner>.elementor-widget-spacer>.elementor-widget-container>.elementor-spacer,.e-con>.elementor-widget-spacer>.elementor-widget-container>.elementor-spacer{height:100%}.e-con-inner>.elementor-widget-spacer>.elementor-widget-container>.elementor-spacer>.elementor-spacer-inner,.e-con>.elementor-widget-spacer>.elementor-widget-container>.elementor-spacer>.elementor-spacer-inner{height:var(--container-widget-height,var(--spacer-size))}.e-con-inner>.elementor-widget-spacer.elementor-widget-empty,.e-con>.elementor-widget-spacer.elementor-widget-empty{position:relative;min-height:22px;min-width:22px}.e-con-inner>.elementor-widget-spacer.elementor-widget-empty .elementor-widget-empty-icon,.e-con>.elementor-widget-spacer.elementor-widget-empty .elementor-widget-empty-icon{position:absolute;top:0;bottom:0;left:0;right:0;margin:auto;padding:0;width:22px;height:22px}<\/style>\t\t<div class=\"elementor-spacer\">\n\t\t\t<div class=\"elementor-spacer-inner\"><\/div>\n\t\t<\/div>\n\t\t\t\t<\/div>\n\t\t\t\t<\/div>\n\t\t\t\t<div class=\"elementor-element elementor-element-815e751 elementor-widget__width-initial elementor-widget elementor-widget-image\" data-id=\"815e751\" data-element_type=\"widget\" data-widget_type=\"image.default\">\n\t\t\t\t<div class=\"elementor-widget-container\">\n\t\t\t\t\t\t\t\t\t\t\t\t\t\t\t\t<a href=\"http:\/\/www.k12.org.tr\">\n\t\t\t\t\t\t\t<img fetchpriority=\"high\" decoding=\"async\" width=\"462\" height=\"226\" src=\"https:\/\/fucin-erasmusplus.eu\/wp-content\/uploads\/2024\/01\/vakifk12_logo.png\" class=\"attachment-large size-large wp-image-143\" alt=\"\" srcset=\"https:\/\/fucin-erasmusplus.eu\/wp-content\/uploads\/2024\/01\/vakifk12_logo.png 462w, https:\/\/fucin-erasmusplus.eu\/wp-content\/uploads\/2024\/01\/vakifk12_logo-300x147.png 300w\" sizes=\"(max-width: 462px) 100vw, 462px\" \/>\t\t\t\t\t\t\t\t<\/a>\n\t\t\t\t\t\t\t\t\t\t\t\t\t\t\t<\/div>\n\t\t\t\t<\/div>\n\t\t\t\t<\/div>\n\t\t<div class=\"elementor-element elementor-element-bf2a3e3 e-con-full e-flex e-con e-child\" data-id=\"bf2a3e3\" data-element_type=\"container\" data-settings=\"{&quot;content_width&quot;:&quot;full&quot;}\">\n\t\t\t\t<div class=\"elementor-element elementor-element-fa15354 elementor-widget elementor-widget-text-editor\" data-id=\"fa15354\" data-element_type=\"widget\" data-widget_type=\"text-editor.default\">\n\t\t\t\t<div class=\"elementor-widget-container\">\n\t\t\t\t\t\t\t<p><a href=\"http:\/\/www.k12.org.tr\/\"><strong>K12 SCHOOL<\/strong><\/a> je tureck\u00e1 mimovl\u00e1dna neziskov\u00e1 organiz\u00e1cia zalo\u017een\u00e1 v roku 2000 s cie\u013eom riadi\u0165 nov\u00fa koncepciu \u0161koly pre \u0161tudentov a u\u010dite\u013eov nov\u00e9ho tis\u00edcro\u010dia: T\u00e1to organiz\u00e1cia je zalo\u017een\u00e1 na webovom riaden\u00ed v\u0161etk\u00fdch vzdel\u00e1vac\u00edch a v\u00fdu\u010dbov\u00fdch kurzov v \u0161kole s triednymi jednotkami, ktor\u00e9 sp\u00e1jaj\u00fa vedecko-technologicko-in\u017einierske matematick\u00e9 discipl\u00edny pre aktu\u00e1lne zvy\u0161ovanie kompetenci\u00ed STEM.<\/p>\t\t\t\t\t\t<\/div>\n\t\t\t\t<\/div>\n\t\t\t\t<\/div>\n\t\t<div class=\"elementor-element elementor-element-3e165fa e-con-full e-flex e-con e-child\" data-id=\"3e165fa\" data-element_type=\"container\" data-settings=\"{&quot;content_width&quot;:&quot;full&quot;}\">\n\t\t\t\t<div class=\"elementor-element elementor-element-8b15a34 elementor-widget elementor-widget-image\" data-id=\"8b15a34\" data-element_type=\"widget\" data-widget_type=\"image.default\">\n\t\t\t\t<div class=\"elementor-widget-container\">\n\t\t\t\t\t\t\t\t\t\t\t\t\t\t\t\t<a href=\"https:\/\/www.ittmarcopolo.edu.it\">\n\t\t\t\t\t\t\t<img loading=\"lazy\" decoding=\"async\" width=\"271\" height=\"186\" src=\"https:\/\/fucin-erasmusplus.eu\/wp-content\/uploads\/2024\/01\/marcopolo.jpeg\" class=\"attachment-large size-large wp-image-144\" alt=\"\" \/>\t\t\t\t\t\t\t\t<\/a>\n\t\t\t\t\t\t\t\t\t\t\t\t\t\t\t<\/div>\n\t\t\t\t<\/div>\n\t\t\t\t<\/div>\n\t\t<div class=\"elementor-element elementor-element-7e508fa e-con-full e-flex e-con e-child\" data-id=\"7e508fa\" data-element_type=\"container\" data-settings=\"{&quot;content_width&quot;:&quot;full&quot;}\">\n\t\t\t\t<div class=\"elementor-element elementor-element-5eb6a1c elementor-widget elementor-widget-text-editor\" data-id=\"5eb6a1c\" data-element_type=\"widget\" data-widget_type=\"text-editor.default\">\n\t\t\t\t<div class=\"elementor-widget-container\">\n\t\t\t\t\t\t\t<p><a href=\"https:\/\/www.ittmarcopolo.edu.it\"><strong>ITT Marco Polo<\/strong> <\/a>je verejn\u00e1 stredn\u00e1 technick\u00e1 \u0161kola so s\u00eddlom vo Florencii (Taliansko), ktor\u00e1 pon\u00faka \u0161pecifick\u00fd \u0161tudijn\u00fd pl\u00e1n orientovan\u00fd na pr\u00edpravu mlad\u00fdch \u0161tudentov na pr\u00e1cu v profesion\u00e1lnom sektore cestovn\u00e9ho ruchu. Pon\u00faka aj pr\u00edpravu na \u0161t\u00fadium ako jazykov\u00e1 stredn\u00e1 \u0161kola.<\/p>\t\t\t\t\t\t<\/div>\n\t\t\t\t<\/div>\n\t\t\t\t<\/div>\n\t\t\t\t\t<\/div>\n\t\t\t\t<\/div>\n\t\t<div class=\"elementor-element elementor-element-740e7b0 e-flex e-con-boxed e-con e-parent\" data-id=\"740e7b0\" data-element_type=\"container\" data-settings=\"{&quot;content_width&quot;:&quot;boxed&quot;}\" data-core-v316-plus=\"true\">\n\t\t\t\t\t<div class=\"e-con-inner\">\n\t\t<div class=\"elementor-element elementor-element-8030544 e-con-full e-flex e-con e-child\" data-id=\"8030544\" data-element_type=\"container\" data-settings=\"{&quot;content_width&quot;:&quot;full&quot;}\">\n\t\t\t\t<div class=\"elementor-element elementor-element-f279f67 elementor-widget__width-initial elementor-widget elementor-widget-image\" data-id=\"f279f67\" data-element_type=\"widget\" data-widget_type=\"image.default\">\n\t\t\t\t<div class=\"elementor-widget-container\">\n\t\t\t\t\t\t\t\t\t\t\t\t\t\t\t\t<a href=\"https:\/\/www.comune.calenzano.fi.it\/it\">\n\t\t\t\t\t\t\t<img loading=\"lazy\" decoding=\"async\" width=\"150\" height=\"150\" src=\"https:\/\/fucin-erasmusplus.eu\/wp-content\/uploads\/2024\/01\/Screenshot-2024-01-12-alle-16.48.01-150x150.png\" class=\"attachment-thumbnail size-thumbnail wp-image-147\" alt=\"\" \/>\t\t\t\t\t\t\t\t<\/a>\n\t\t\t\t\t\t\t\t\t\t\t\t\t\t\t<\/div>\n\t\t\t\t<\/div>\n\t\t\t\t<\/div>\n\t\t<div class=\"elementor-element elementor-element-87b6a24 e-con-full e-flex e-con e-child\" data-id=\"87b6a24\" data-element_type=\"container\" data-settings=\"{&quot;content_width&quot;:&quot;full&quot;}\">\n\t\t\t\t<div class=\"elementor-element elementor-element-03ab88b elementor-widget elementor-widget-text-editor\" data-id=\"03ab88b\" data-element_type=\"widget\" data-widget_type=\"text-editor.default\">\n\t\t\t\t<div class=\"elementor-widget-container\">\n\t\t\t\t\t\t\t<p><a href=\"http:\/\/www.comune.calenzano.fi.it\"><strong>Calenzano<\/strong><\/a> je tosk\u00e1nske mesto (Taliansko) s celkovou rozlohou 76,97 km\u00b2.\u00a0 Mestsk\u00e1 spr\u00e1va u\u017e nieko\u013eko rokov uplat\u0148uje spolo\u010dn\u00fa strat\u00e9giu spr\u00e1vy \u00fazemn\u00fdch zdrojov a miestneho rozvoja zameran\u00fa na akt\u00edvnu ochranu a udr\u017eate\u013en\u00e9 zve\u013ea\u010fovanie vidieckeho a pr\u00edmestsk\u00e9ho \u00fazemia.<\/p>\t\t\t\t\t\t<\/div>\n\t\t\t\t<\/div>\n\t\t\t\t<\/div>\n\t\t<div class=\"elementor-element elementor-element-5c8f96b e-con-full e-flex e-con e-child\" data-id=\"5c8f96b\" data-element_type=\"container\" data-settings=\"{&quot;content_width&quot;:&quot;full&quot;}\">\n\t\t\t\t<div class=\"elementor-element elementor-element-32c69fd elementor-widget elementor-widget-image\" data-id=\"32c69fd\" data-element_type=\"widget\" data-widget_type=\"image.default\">\n\t\t\t\t<div class=\"elementor-widget-container\">\n\t\t\t\t\t\t\t\t\t\t\t\t\t\t\t\t<a href=\"https:\/\/www.bilimcedernegi.com\">\n\t\t\t\t\t\t\t<img loading=\"lazy\" decoding=\"async\" width=\"1024\" height=\"1024\" src=\"https:\/\/fucin-erasmusplus.eu\/wp-content\/uploads\/2024\/01\/Bilimce-Derneg_i-Logo-1-1024x1024.png\" class=\"attachment-large size-large wp-image-151\" alt=\"\" srcset=\"https:\/\/fucin-erasmusplus.eu\/wp-content\/uploads\/2024\/01\/Bilimce-Derneg_i-Logo-1-1024x1024.png 1024w, https:\/\/fucin-erasmusplus.eu\/wp-content\/uploads\/2024\/01\/Bilimce-Derneg_i-Logo-1-300x300.png 300w, https:\/\/fucin-erasmusplus.eu\/wp-content\/uploads\/2024\/01\/Bilimce-Derneg_i-Logo-1-150x150.png 150w, https:\/\/fucin-erasmusplus.eu\/wp-content\/uploads\/2024\/01\/Bilimce-Derneg_i-Logo-1-768x768.png 768w, https:\/\/fucin-erasmusplus.eu\/wp-content\/uploads\/2024\/01\/Bilimce-Derneg_i-Logo-1-600x600.png 600w, https:\/\/fucin-erasmusplus.eu\/wp-content\/uploads\/2024\/01\/Bilimce-Derneg_i-Logo-1.png 1500w\" sizes=\"(max-width: 1024px) 100vw, 1024px\" \/>\t\t\t\t\t\t\t\t<\/a>\n\t\t\t\t\t\t\t\t\t\t\t\t\t\t\t<\/div>\n\t\t\t\t<\/div>\n\t\t\t\t<\/div>\n\t\t<div class=\"elementor-element elementor-element-cef319d e-con-full e-flex e-con e-child\" data-id=\"cef319d\" data-element_type=\"container\" data-settings=\"{&quot;content_width&quot;:&quot;full&quot;}\">\n\t\t\t\t<div class=\"elementor-element elementor-element-27d0764 elementor-widget elementor-widget-text-editor\" data-id=\"27d0764\" data-element_type=\"widget\" data-widget_type=\"text-editor.default\">\n\t\t\t\t<div class=\"elementor-widget-container\">\n\t\t\t\t\t\t\t<p><a href=\"https:\/\/www.bilimcedernegi.com\"><strong>Bilimce Association<\/strong><\/a>, s\u00eddliaca v Turecku, bolo zalo\u017een\u00e9 s cie\u013eom rozv\u00edja\u0165, implementova\u0165 a \u0161\u00edri\u0165 v\u00fdsledky a politiku v oblasti klimatick\u00fdch zmien a udr\u017eate\u013enosti a zvy\u0161ova\u0165 povedomie v t\u00fdchto oblastiach. Zdru\u017eenie Bilimce je platforma tvorcov polit\u00edk, zainteresovan\u00fdch str\u00e1n a univerzity, ktor\u00e1 vykon\u00e1va \u0161t\u00fadie zameran\u00e9 na povedomie o vplyve opatren\u00ed verejnej spr\u00e1vy na blahobyt ob\u010danov.<\/p>\t\t\t\t\t\t<\/div>\n\t\t\t\t<\/div>\n\t\t\t\t<\/div>\n\t\t\t\t\t<\/div>\n\t\t\t\t<\/div>\n\t\t<div class=\"elementor-element elementor-element-9183383 e-flex e-con-boxed e-con e-parent\" data-id=\"9183383\" data-element_type=\"container\" data-settings=\"{&quot;content_width&quot;:&quot;boxed&quot;}\" data-core-v316-plus=\"true\">\n\t\t\t\t\t<div class=\"e-con-inner\">\n\t\t<div class=\"elementor-element elementor-element-0d73588 e-con-full e-flex e-con e-child\" data-id=\"0d73588\" data-element_type=\"container\" data-settings=\"{&quot;content_width&quot;:&quot;full&quot;}\">\n\t\t\t\t<div class=\"elementor-element elementor-element-cea8266 elementor-widget elementor-widget-spacer\" data-id=\"cea8266\" data-element_type=\"widget\" data-widget_type=\"spacer.default\">\n\t\t\t\t<div class=\"elementor-widget-container\">\n\t\t\t\t\t<div class=\"elementor-spacer\">\n\t\t\t<div class=\"elementor-spacer-inner\"><\/div>\n\t\t<\/div>\n\t\t\t\t<\/div>\n\t\t\t\t<\/div>\n\t\t\t\t<div class=\"elementor-element elementor-element-57e80be elementor-widget elementor-widget-image\" data-id=\"57e80be\" data-element_type=\"widget\" data-widget_type=\"image.default\">\n\t\t\t\t<div class=\"elementor-widget-container\">\n\t\t\t\t\t\t\t\t\t\t\t\t\t\t\t\t<a href=\"https:\/\/www.marmara.gov.tr\">\n\t\t\t\t\t\t\t<img loading=\"lazy\" decoding=\"async\" width=\"958\" height=\"320\" src=\"https:\/\/fucin-erasmusplus.eu\/wp-content\/uploads\/2024\/01\/Screenshot-2024-01-12-alle-16.58.15.png\" class=\"attachment-large size-large wp-image-156\" alt=\"\" srcset=\"https:\/\/fucin-erasmusplus.eu\/wp-content\/uploads\/2024\/01\/Screenshot-2024-01-12-alle-16.58.15.png 958w, https:\/\/fucin-erasmusplus.eu\/wp-content\/uploads\/2024\/01\/Screenshot-2024-01-12-alle-16.58.15-300x100.png 300w, https:\/\/fucin-erasmusplus.eu\/wp-content\/uploads\/2024\/01\/Screenshot-2024-01-12-alle-16.58.15-768x257.png 768w\" sizes=\"(max-width: 958px) 100vw, 958px\" \/>\t\t\t\t\t\t\t\t<\/a>\n\t\t\t\t\t\t\t\t\t\t\t\t\t\t\t<\/div>\n\t\t\t\t<\/div>\n\t\t\t\t<\/div>\n\t\t<div class=\"elementor-element elementor-element-3e52a22 e-con-full e-flex e-con e-child\" data-id=\"3e52a22\" data-element_type=\"container\" data-settings=\"{&quot;content_width&quot;:&quot;full&quot;}\">\n\t\t\t\t<div class=\"elementor-element elementor-element-05090a8 elementor-widget elementor-widget-text-editor\" data-id=\"05090a8\" data-element_type=\"widget\" data-widget_type=\"text-editor.default\">\n\t\t\t\t<div class=\"elementor-widget-container\">\n\t\t\t\t\t\t\t<p><a href=\"http:\/\/www.marmara.gov.tr\"><strong>Marmara Municipalities Union<\/strong><\/a> (MMU) je prv\u00fdm a najv\u00e4\u010d\u0161\u00edm region\u00e1lnym zdru\u017een\u00edm miestnych samospr\u00e1v v Turecku. Centrum MMU sa nach\u00e1dza v Istanbule. MMU vykon\u00e1va \u010dinnosti v oblastiach, ako s\u00fa \u017eivotn\u00e9 prostredie, urbaniz\u00e1cia, migr\u00e1cia a soci\u00e1lna s\u00fadr\u017enos\u0165, miestna diplomacia, miestny hospod\u00e1rsky rozvoj, odolnos\u0165, mestsk\u00e9 technol\u00f3gie a inov\u00e1cie.<\/p>\t\t\t\t\t\t<\/div>\n\t\t\t\t<\/div>\n\t\t\t\t<\/div>\n\t\t\t\t\t<\/div>\n\t\t\t\t<\/div>\n\t\t\t\t\t\t\t<\/div>\n\t\t","protected":false},"excerpt":{"rendered":"<p>\u0160pecifickou silnou str\u00e1nkou projektu FuCIn je jeho vyv\u00e1\u017een\u00e9 konzorcium, ktor\u00e9 disponuje vz\u00e1jomne sa dop\u013a\u0148aj\u00facimi odborn\u00fdmi znalos\u0165ami, aby mohlo \u00faspe\u0161ne organizova\u0165, implementova\u0165 a realizova\u0165 v\u0161etky pl\u00e1novan\u00e9 aktivity. Partneri FuCIn predstavuj\u00fa du\u0161u ob\u010dianskej anga\u017eovanosti tohto projektu, pri realiz\u00e1cii spolupr\u00e1ce \u0161tudentov ako akt\u00edvnych ob\u010danov a miestnych samospr\u00e1v ako otvoren\u00fdch a kooperuj\u00facich in\u0161tit\u00faci\u00ed. 7 r\u00f4znych partnerov z troch r\u00f4znych [&hellip;]<\/p>\n","protected":false},"author":2,"featured_media":0,"parent":0,"menu_order":0,"comment_status":"closed","ping_status":"closed","template":"","meta":{"footnotes":""},"class_list":["post-339","page","type-page","status-publish","hentry","entry"],"_links":{"self":[{"href":"https:\/\/fucin-erasmusplus.eu\/index.php\/wp-json\/wp\/v2\/pages\/339","targetHints":{"allow":["GET"]}}],"collection":[{"href":"https:\/\/fucin-erasmusplus.eu\/index.php\/wp-json\/wp\/v2\/pages"}],"about":[{"href":"https:\/\/fucin-erasmusplus.eu\/index.php\/wp-json\/wp\/v2\/types\/page"}],"author":[{"embeddable":true,"href":"https:\/\/fucin-erasmusplus.eu\/index.php\/wp-json\/wp\/v2\/users\/2"}],"replies":[{"embeddable":true,"href":"https:\/\/fucin-erasmusplus.eu\/index.php\/wp-json\/wp\/v2\/comments?post=339"}],"version-history":[{"count":9,"href":"https:\/\/fucin-erasmusplus.eu\/index.php\/wp-json\/wp\/v2\/pages\/339\/revisions"}],"predecessor-version":[{"id":589,"href":"https:\/\/fucin-erasmusplus.eu\/index.php\/wp-json\/wp\/v2\/pages\/339\/revisions\/589"}],"wp:attachment":[{"href":"https:\/\/fucin-erasmusplus.eu\/index.php\/wp-json\/wp\/v2\/media?parent=339"}],"curies":[{"name":"wp","href":"https:\/\/api.w.org\/{rel}","templated":true}]}}